{"id":1080,"date":"2018-09-22T11:31:00","date_gmt":"2018-09-22T08:31:00","guid":{"rendered":"https:\/\/artel-build.com\/?page_id=1080"},"modified":"2022-12-11T19:47:09","modified_gmt":"2022-12-11T16:47:09","slug":"krovelnye-raboty","status":"publish","type":"page","link":"https:\/\/artel-build.com\/de\/stroitelnye-uslugi\/krovelnye-raboty\/","title":{"rendered":"Dachdeckerarbeiten"},"content":{"rendered":"<p><\/p>\n<p>Dachdeckerarbeiten, Installationskosten<\/p>\n<p>Die Dacheindeckung ist der wichtigste Teil eines jeden Bauprojekts. Je nach Projektdokumentation kann das Dach flach oder geneigt sein.\u00a0Pultd\u00e4cher sind am weitesten verbreitet. Sie k\u00f6nnen mit oder ohne Dachboden, mit oder ohne Dachschr\u00e4ge, mit oder ohne Mansarde, mit oder ohne Kuppel sein.\u00a0Mansardd\u00e4cher erfordern zus\u00e4tzliche Fenster.<\/p>\n<p>Ein Dach sch\u00fctzt das Geb\u00e4ude vor den sch\u00e4dlichen Auswirkungen von Niederschl\u00e4gen und vor direktem Sonnenlicht, das in den Innenraum eindringt.\u00a0Ein Dach isoliert auch thermisch. Die Langlebigkeit eines Daches und seine Effizienz h\u00e4ngen in den meisten F\u00e4llen von der Qualit\u00e4t der verwendeten Materialien ab. Auch die Qualit\u00e4t der Installation ist wichtig. Wenn Sie keine Erfahrung auf diesem Gebiet haben, ist es besser, die Installationsarbeiten Fachleuten anzuvertrauen.<\/p>\n<p>Gr\u00fcnde f\u00fcr die Kontaktaufnahme mit Artel-Stroy Ltd.<\/p>\n<p>Das Unternehmen ist seit langem im Baugewerbe t\u00e4tig. Heute besch\u00e4ftigt das Unternehmen Spezialisten auf h\u00f6chstem fachlichen Niveau, die schnelle und qualitativ hochwertige Dachdeckerarbeiten unabh\u00e4ngig vom Schwierigkeitsgrad ausf\u00fchren. Die Vorteile einer Zusammenarbeit mit dem Unternehmen sind folgende:<\/p>\n<p>1. Hohe Qualit\u00e4t der ausgef\u00fchrten Arbeiten. Die Dacheindeckung wird von Fachleuten mit langj\u00e4hriger Erfahrung ausgef\u00fchrt.<br \/>\n2. Die Spezialisten montieren das Dach aus allen verf\u00fcgbaren Materialien: vom Profilblech bis zum Falzdach.<br \/>\n3. Zur Messung kommt ein Spezialist der Firma zum Objekt, der den Abfall erheblich reduziert.<br \/>\n4. Die neuen Technologien werden bei der Errichtung eines Daches eingef\u00fchrt, um dessen Qualit\u00e4t zu erh\u00f6hen.<br \/>\n5. F\u00fcr jeden Kunden wird eine individuelle Betreuung durchgef\u00fchrt.<\/p>\n<p>Der Einbau der Dacheindeckung erfolgt von Grund auf. Die Effizienz der Abdeckung erh\u00f6ht sich auf Kosten der Platzierung unter einem Dach aus wasserdichten und w\u00e4rmeisolierenden Schichten. Das Unternehmen f\u00fchrt alle Arbeiten unabh\u00e4ngig von deren Umfang und Komplexit\u00e4t aus.<\/p>\n<p>Das Unternehmen installiert D\u00e4cher ohne Zwischenh\u00e4ndler, seit vielen Jahren haben wir Partnerschaften mit Materiallieferanten aufgebaut. Deshalb sind unsere Dienstleistungen auch preislich die akzeptabelsten in der Region. Die Kosten f\u00fcr die Dacheindeckung werden anhand der folgenden Kriterien ermittelt:<\/p>\n<p>1. Das Material der Herstellung.<br \/>\n2. Die Komplexit\u00e4t der Struktur und das Vorhandensein von zus\u00e4tzlichen Elementen.<br \/>\n3. Die Anzahl der Stockwerke des Geb\u00e4udes.<br \/>\n4. Die Saisonabh\u00e4ngigkeit der Arbeit. W\u00e4hrend der Wintermonate gibt es erhebliche Preisnachl\u00e4sse.<\/p>\n<p>Kontakte:<\/p>\n<p>Adresse<br \/>\nUkraine, Nikolaev 54036<br \/>\nstr. Sewernaja 2<\/p>\n<p>+38 (0512) 45-15-45<\/p>\n<p><\/p>","protected":false},"excerpt":{"rendered":"<p>Dachdeckerarbeiten, Installationskosten Die Dacheindeckung ist der wichtigste Teil eines jeden Bauprojekts. Je nach Projektdokumentation kann das Dach flach oder geneigt sein.\u00a0Pultd\u00e4cher sind am weitesten verbreitet. Sie k\u00f6nnen mit oder ohne Dachboden, mit oder ohne Dachschr\u00e4ge, mit oder ohne Mansarde, mit oder ohne Kuppel sein.\u00a0Mansardd\u00e4cher erfordern zus\u00e4tzliche Fenster. Ein Dach sch\u00fctzt das Geb\u00e4ude vor den sch\u00e4dlichen [&hellip;]<\/p>\n","protected":false},"author":1,"featured_media":1120,"parent":819,"menu_order":0,"comment_status":"closed","ping_status":"closed","template":"tpl-uslugi.php","meta":{"_exactmetrics_skip_tracking":false,"_exactmetrics_sitenote_active":false,"_exactmetrics_sitenote_note":"","_exactmetrics_sitenote_category":0,"_monsterinsights_skip_tracking":false,"_monsterinsights_sitenote_active":false,"_monsterinsights_sitenote_note":"","_monsterinsights_sitenote_category":0,"footnotes":""},"class_list":["post-1080","page","type-page","status-publish","has-post-thumbnail","hentry"],"acf":[],"_links":{"self":[{"href":"https:\/\/artel-build.com\/de\/wp-json\/wp\/v2\/pages\/1080","targetHints":{"allow":["GET"]}}],"collection":[{"href":"https:\/\/artel-build.com\/de\/wp-json\/wp\/v2\/pages"}],"about":[{"href":"https:\/\/artel-build.com\/de\/wp-json\/wp\/v2\/types\/page"}],"author":[{"embeddable":true,"href":"https:\/\/artel-build.com\/de\/wp-json\/wp\/v2\/users\/1"}],"replies":[{"embeddable":true,"href":"https:\/\/artel-build.com\/de\/wp-json\/wp\/v2\/comments?post=1080"}],"version-history":[{"count":3,"href":"https:\/\/artel-build.com\/de\/wp-json\/wp\/v2\/pages\/1080\/revisions"}],"predecessor-version":[{"id":4205,"href":"https:\/\/artel-build.com\/de\/wp-json\/wp\/v2\/pages\/1080\/revisions\/4205"}],"up":[{"embeddable":true,"href":"https:\/\/artel-build.com\/de\/wp-json\/wp\/v2\/pages\/819"}],"wp:featuredmedia":[{"embeddable":true,"href":"https:\/\/artel-build.com\/de\/wp-json\/wp\/v2\/media\/1120"}],"wp:attachment":[{"href":"https:\/\/artel-build.com\/de\/wp-json\/wp\/v2\/media?parent=1080"}],"curies":[{"name":"wp","href":"https:\/\/api.w.org\/{rel}","templated":true}]}}