{"id":1082,"date":"2018-09-22T11:31:00","date_gmt":"2018-09-22T08:31:00","guid":{"rendered":"https:\/\/artel-build.com\/?page_id=1082"},"modified":"2022-12-11T20:00:07","modified_gmt":"2022-12-11T17:00:07","slug":"monolitnoe-stroitelstvo","status":"publish","type":"page","link":"https:\/\/artel-build.com\/de\/stroitelnye-uslugi\/monolitnoe-stroitelstvo\/","title":{"rendered":"Monolithische Konstruktion"},"content":{"rendered":"<p><\/p>\n<p>Der sparsame Umgang mit Materialien wie Rohstoffen, Brennstoffen, Zement, Metall, die Reduzierung des Ressourcenverbrauchs, die Senkung der Kosten beim Bau und bei der Errichtung von Geb\u00e4uden &#8211; all dies ist beim Bauen von gr\u00f6\u00dfter Bedeutung. Nicht alle diese Ziele k\u00f6nnen erreicht werden, bevor die monolithische Geb\u00e4udetechnik zum Einsatz kommt, mit der alle oben genannten Probleme gel\u00f6st werden k\u00f6nnen. Die Herstellung von Bauteilen auf einer Baustelle aus betonhaltigen Gemischen und unter Verwendung spezieller Formen wird als monolithische Bauweise bezeichnet. Diese Bauweise geht auf den Beginn des 20. Jahrhunderts zur\u00fcck, hat aber erst jetzt an Bedeutung gewonnen und ist nach wie vor die zukunftstr\u00e4chtigste Form des Bauens. Die monolithische Bauweise basiert auf Beton und Stahlbeton, der f\u00fcr die Errichtung verschiedener Strukturen wie W\u00e4nde, Verkleidungen, Fundamente und Decken verwendet wird. Um ein monolithisches Bauwerk zu errichten, m\u00fcssen unter anderem folgende Prozesse durchgef\u00fchrt werden: Herstellung und Entwicklung der Schalung, Herstellung und Verlegung der Bewehrung. F\u00fcr den Bau von monolithischen Stahlbetonkonstruktionen gibt es drei Verfahren: das Grundverfahren (Einbau und Verlegung), das Transportverfahren und das Vorfertigungsverfahren. Der Vorfertigungsprozess umfasst die Herstellung von Bewehrungselementen und Schalungen, die Vorbereitung der Betonmischung sowie die Montage der Bewehrungs- und Schalungseinheiten. Das Einbringen der Bewehrung und der Schalung in die vorgesehene Position, das Einbringen und Verdichten der Betonmischung und der Bewehrungselemente, die Pflege des Betons w\u00e4hrend seiner Erh\u00e4rtung, der Abbau der Schalung, nachdem der Beton fest genug ist, und, wenn m\u00f6glich, die Herstellung der Betonmischung finden auf der Baustelle selbst statt, und all dies bezieht sich auf die grundlegenden Prozesse.\u00a0 Eine der wichtigsten Aufgaben bei dieser Bauart ist die Arbeit an der Schalung, einer Hilfskonstruktion, die f\u00fcr eine gewisse Zeit aufgestellt wird, um die vorgegebenen Abmessungen und Konturen der Betonstruktur oder des Bauelements, in das die Betonmischung eingebracht wird, zu erhalten. Sp\u00e4ter h\u00e4rtet die Mischung aus und wird zu Beton. Wenn der Beton die erforderliche Festigkeit erreicht hat, wird er entfernt. Die monolithische Bauweise hat eine Reihe gravierender Vorteile und hebt sich von anderen Techniken ab: 1. Der strukturelle Abstand der Bauwerke im Gegensatz zum Fertigteilbau, bei dem alle Bauwerke Abmessungen haben, die es unm\u00f6glich machen, die Form der Geb\u00e4udeausr\u00fcstung schnell zu \u00e4ndern. 2. Leichtigkeit. Monolithische H\u00e4user sind etwa f\u00fcnfzehn bis zwanzig Prozent leichter als H\u00e4user aus Ziegeln. Durch die Verringerung des Gewichts der Struktur, reduzierten Verbrauch von Materialien f\u00fcr das Fundament, sowie billiger Bau des Fundaments. 3. Die Konstruktion ist praktisch &#8222;nahtlos&#8220;. Diese Eigenschaft erh\u00f6ht den Faktor der Schall- und W\u00e4rmedurchl\u00e4ssigkeit. 4. Die Konstruktion gew\u00e4hrleistet eine gleichm\u00e4\u00dfige Setzung des Geb\u00e4udes bei nat\u00fcrlichen Setzungen und verhindert die Bildung von Rissen aller Art. 5. Der Bau von monolithischen H\u00e4usern bietet die M\u00f6glichkeit, nahezu beliebige Umbauten vorzunehmen. 6. Die hohe Steifigkeit der Struktur der monolithischen Geb\u00e4ude erm\u00f6glicht den Bau von hohen Geb\u00e4uden. 6. Der Monolith erm\u00f6glicht es Fachleuten und Kunden, den Monolithen ohne gro\u00dfen Aufwand und gro\u00dfe Investitionen zu ver\u00e4ndern und zu versch\u00f6nern: Es k\u00f6nnen runde oder ovale H\u00e4user, Mansarden, Erker sein. Au\u00dfenw\u00e4nde k\u00f6nnen aber auch get\u00e4felt, vorgeh\u00e4ngte W\u00e4nde oder gemauert sein. Dies erm\u00f6glicht interessante Entw\u00fcrfe f\u00fcr interessante Skizzen. Zusammenfassend l\u00e4sst sich sagen, dass die monolithische Bauweise sehr vielversprechend und kosteneffizient ist und viele Vorteile gegen\u00fcber anderen Bauweisen aufweist.<\/p>\n<p>Betonarbeiten<\/p>\n<p>Beschreibung: Betonarbeiten sind der erste Schritt, mit dem der Bau eines jeden Objekts beginnt. Die Qualit\u00e4t der Betonmischung bestimmt, wie stabil und dauerhaft das gesamte Geb\u00e4ude sein wird. Die Zubereitung der Betonmischung scheint nicht kompliziert zu sein. Dieser Prozess hat jedoch viele Feinheiten und Nuancen. Daher ist es besser, diese Arbeit Fachleuten anzuvertrauen. Schauen wir uns an, woraus Beton besteht: Zement und Sand, dem Schotter oder Kies sowie andere Zusatzstoffe beigef\u00fcgt werden. Je nach Art der zu verrichtenden Arbeit wird die geeignete Betonsorte ausgew\u00e4hlt, die durch \u00c4nderung des Verh\u00e4ltnisses der Bestandteile erreicht werden kann. Um die Festigkeit des Betons zu erh\u00f6hen, werden Bewehrungsmaterialien, Matten oder Bewehrungsst\u00e4be hinzugef\u00fcgt. Um die Festigkeit und Qualit\u00e4t des Betons zu erh\u00f6hen, werden verschiedene Zusatzstoffe zugesetzt. Das Fundament ist die Grundlage eines jeden Geb\u00e4udes. Wie lange das Haus halten wird, ob die W\u00e4nde keine Risse bekommen oder schrumpfen, h\u00e4ngt von seiner Festigkeit und Best\u00e4ndigkeit ab. Das Unternehmen &#8222;Artel-stroy&#8220; hat die besten Fachleute, die eine vollst\u00e4ndige Palette von konkreten Arbeiten in Nikolaev und Nikolaev Region in der angegebenen Zeit durchzuf\u00fchren. Wir bieten das F\u00fcllen der Streifen- und monolithischen Fundamente, die Herstellung und Anordnung von Schalungen, Bewehrungsk\u00f6rbe, sowie die Demontage von Schalungen.\u00a0<\/p>\n<p>&nbsp;<\/p>\n<p><iframe title=\"\u041c\u043e\u043d\u043e\u043b\u0438\u0442\u043d\u043e\u0435 \u0441\u0442\u0440\u043e\u0438\u0442\u0435\u043b\u044c\u0441\u0442\u0432\u043e. \u041a\u0410\u041a \u042d\u0422\u041e \u0421\u0414\u0415\u041b\u0410\u041d\u041e?:\" width=\"500\" height=\"281\" src=\"https:\/\/www.youtube.com\/embed\/t3MZHUgZoIg?feature=oembed\" frameborder=\"0\" allow=\"accelerometer; autoplay; clipboard-write; encrypted-media; gyroscope; picture-in-picture; web-share\" referrerpolicy=\"strict-origin-when-cross-origin\" allowfullscreen><\/iframe><\/p>\n<p><\/p>","protected":false},"excerpt":{"rendered":"<p>Der sparsame Umgang mit Materialien wie Rohstoffen, Brennstoffen, Zement, Metall, die Reduzierung des Ressourcenverbrauchs, die Senkung der Kosten beim Bau und bei der Errichtung von Geb\u00e4uden &#8211; all dies ist beim Bauen von gr\u00f6\u00dfter Bedeutung. Nicht alle diese Ziele k\u00f6nnen erreicht werden, bevor die monolithische Geb\u00e4udetechnik zum Einsatz kommt, mit der alle oben genannten Probleme [&hellip;]<\/p>\n","protected":false},"author":1,"featured_media":1116,"parent":819,"menu_order":0,"comment_status":"closed","ping_status":"closed","template":"tpl-uslugi.php","meta":{"_exactmetrics_skip_tracking":false,"_exactmetrics_sitenote_active":false,"_exactmetrics_sitenote_note":"","_exactmetrics_sitenote_category":0,"_monsterinsights_skip_tracking":false,"_monsterinsights_sitenote_active":false,"_monsterinsights_sitenote_note":"","_monsterinsights_sitenote_category":0,"footnotes":""},"class_list":["post-1082","page","type-page","status-publish","has-post-thumbnail","hentry"],"acf":[],"_links":{"self":[{"href":"https:\/\/artel-build.com\/de\/wp-json\/wp\/v2\/pages\/1082","targetHints":{"allow":["GET"]}}],"collection":[{"href":"https:\/\/artel-build.com\/de\/wp-json\/wp\/v2\/pages"}],"about":[{"href":"https:\/\/artel-build.com\/de\/wp-json\/wp\/v2\/types\/page"}],"author":[{"embeddable":true,"href":"https:\/\/artel-build.com\/de\/wp-json\/wp\/v2\/users\/1"}],"replies":[{"embeddable":true,"href":"https:\/\/artel-build.com\/de\/wp-json\/wp\/v2\/comments?post=1082"}],"version-history":[{"count":10,"href":"https:\/\/artel-build.com\/de\/wp-json\/wp\/v2\/pages\/1082\/revisions"}],"predecessor-version":[{"id":4209,"href":"https:\/\/artel-build.com\/de\/wp-json\/wp\/v2\/pages\/1082\/revisions\/4209"}],"up":[{"embeddable":true,"href":"https:\/\/artel-build.com\/de\/wp-json\/wp\/v2\/pages\/819"}],"wp:featuredmedia":[{"embeddable":true,"href":"https:\/\/artel-build.com\/de\/wp-json\/wp\/v2\/media\/1116"}],"wp:attachment":[{"href":"https:\/\/artel-build.com\/de\/wp-json\/wp\/v2\/media?parent=1082"}],"curies":[{"name":"wp","href":"https:\/\/api.w.org\/{rel}","templated":true}]}}