{"id":1090,"date":"2018-09-22T11:31:00","date_gmt":"2018-09-22T08:31:00","guid":{"rendered":"https:\/\/artel-build.com\/?page_id=1090"},"modified":"2022-12-11T20:11:19","modified_gmt":"2022-12-11T17:11:19","slug":"stroitelstvo-zdanij-ih-rekonstruktsiya-i-remont","status":"publish","type":"page","link":"https:\/\/artel-build.com\/de\/stroitelnye-uslugi\/stroitelstvo-zdanij-ih-rekonstruktsiya-i-remont\/","title":{"rendered":"Bau, Renovierung und Reparatur von Geb\u00e4uden"},"content":{"rendered":"<p><\/p>\n<p>Ber\u00fchmte Geb\u00e4ude haben eine Geschichte und m\u00fcssen, wenn n\u00f6tig, restauriert werden. Es ist eine Quelle des Nationalstolzes, eine Spur von Menschen wird nicht unbetreten bleiben, Str\u00f6me von Touristen aus allen Ecken der Welt werden es besuchen. Im Laufe der Zeit muss ein solches Geb\u00e4ude restauriert werden, restauriert Regelm\u00e4\u00dfig muss es repariert und nicht unbedingt \u00fcberholt werden. H\u00e4user, die hundert oder mehr Jahre alt sind, werden oft restauriert, auch solche, die von ber\u00fchmten Pers\u00f6nlichkeiten bewohnt werden.<\/p>\n<p>Eine der vorrangigen Aktivit\u00e4ten der Artel-Stroy GmbH ist der Bau von Geb\u00e4uden sowie deren Reparatur und Restaurierung. Bau- und Sanierungsarbeiten erfordern die folgenden Dienstleistungen:<\/p>\n<p>1. Forschungsarbeiten zur Restaurierung.<br \/>\n2. Erstellung der erforderlichen Projektdokumentation f\u00fcr Reparatur- und Restaurierungsarbeiten.<br \/>\n3. Durchf\u00fchrung von Reparaturen und Restaurierungsarbeiten an hochrangigen Geb\u00e4uden.<br \/>\n4. M\u00f6gliche Neuprofilierung des Geb\u00e4udes und Erh\u00f6hung der Anzahl der Stockwerke. Erforderlichenfalls Auswechseln von Spannweiten und Platten.<br \/>\n5. Vollst\u00e4ndige Erneuerung der Versorgungseinrichtungen.<br \/>\n6. Wiederherstellung des Umfelds.<\/p>\n<p>Vollst\u00e4ndige oder teilweise Renovierung von \u00f6ffentlichen Geb\u00e4uden und Wohngeb\u00e4uden<\/p>\n<p>\u00d6ffentliche Geb\u00e4ude von historischem Wert sollten vor allem deshalb restauriert werden, weil sie Touristen in Scharen anziehen.\u00a0Sie repr\u00e4sentieren auch die Architektur der Stadt und sind ein Symbol f\u00fcr sie. Au\u00dferdem sollte ein solches Geb\u00e4ude f\u00fcr den vorgesehenen Zweck genutzt werden. Ein eindrucksvolles Beispiel daf\u00fcr ist das Opernhaus in Odessa. In einem Theater zum Beispiel bleibt nach dem Wiederaufbau das Innere des Geb\u00e4udes erhalten.\u00a0Das Erscheinungsbild des Geb\u00e4udes oder seines \u00c4u\u00dferen darf sich architektonisch nicht ver\u00e4ndern.<\/p>\n<p>Die wichtigsten Phasen der Restaurierungs- und Renovierungsarbeiten sind<\/p>\n<p>1. Eine vollst\u00e4ndige Vermessung des Geb\u00e4udes. Hier ist es wichtig, den aktuellen Zustand des Geb\u00e4udes zu ermitteln. Es wird eine Reihe von technischen Studien durchgef\u00fchrt, einschlie\u00dflich des Zustands der strukturellen Elemente, der B\u00f6den und der tragenden W\u00e4nde sowie der Analyse der Kommunikations- und Versorgungseinrichtungen. Der vollst\u00e4ndige Zustand des Geb\u00e4udes ist angegeben. Auf der Grundlage der Umfrageergebnisse wird ein Projekt erstellt, und es werden Gestaltungsentscheidungen getroffen.<br \/>\n2. Direkte Entwicklung des Projekts und seine Abstimmung mit dem Kunden. Die Planung f\u00fcr den Wiederaufbau unterscheidet sich nicht von der Planung vor dem Bau eines neuen Objekts. Das Projekt umfasst alle erforderlichen technischen Daten und Zeichnungen sowie einen Plan f\u00fcr die erforderlichen Bauarbeiten. Eine Sch\u00e4tzung der k\u00fcnftigen Arbeiten wird gesondert vorgelegt. Bevor die Projektdokumentation genehmigt werden kann, muss sie von den zust\u00e4ndigen Genehmigungsbeh\u00f6rden genehmigt werden. Nachdem alle Genehmigungen erteilt wurden, wird ein detaillierter Plan erstellt.<br \/>\n3. Vorbereitung des Geb\u00e4udes f\u00fcr Renovierungsarbeiten. Damit werden zwei Probleme gleichzeitig gel\u00f6st: Erstens wird das Geb\u00e4ude von einem bestehenden Geb\u00e4ude in ein Geb\u00e4ude umgewandelt.\u00a0Versorgungsleitungen und m\u00f6glicherweise Spannweiten sowie Decken werden demontiert. Fachleute arbeiten vor Ort und untersuchen jeden Raum des Geb\u00e4udes im Detail.<br \/>\n4. Es werden Ingenieurleistungen und grobe Arbeiten durchgef\u00fchrt. Die tragenden Strukturen werden verst\u00e4rkt, die Raumaufteilung wird entsprechend dem Projekt ge\u00e4ndert und die gesamte Kommunikation wird teilweise oder vollst\u00e4ndig ver\u00e4ndert. Alle Anforderungen an das Design werden vollst\u00e4ndig erf\u00fcllt.<br \/>\n5. Fertigstellung. Nach dieser Phase hat das Objekt sein urspr\u00fcngliches Aussehen wiedererlangt. Die Fassade des restaurierten Geb\u00e4udes bleibt viele Jahre lang jung. M\u00f6gliche Installation einer Fassadenbeleuchtung.<\/p>\n<p>Durchf\u00fchrung von Restaurierungsarbeiten an Teilen des Geb\u00e4udes<\/p>\n<p>Diese Phase ist im Hinblick auf den Wiederaufbau sehr wichtig. Das historische Erscheinungsbild des Geb\u00e4udes sollte erhalten bleiben. Es ist wichtig, dass die Fassade so bleibt, wie sie vor hundert Jahren war. Es sollte keine Innovationen geben. Alle dekorativen Elemente der Fassade sollten vollst\u00e4ndig erhalten bleiben.<\/p>\n<p>Bei der Restaurierung und Renovierung von Wohngeb\u00e4uden geht es nicht nur um die Erhaltung des \u00e4u\u00dferen Erscheinungsbildes, sondern auch um die Verbesserung der Lebensbedingungen der Bewohner. Das historische Interieur sollte unver\u00e4ndert bleiben, aber die Versorgungseinrichtungen sollten zum Beispiel durch modernste ersetzt werden.<\/p>\n<p>Restaurierungsarbeiten erfordern nicht nur Wissen und Erfahrung, sondern auch akribische Arbeit. Grundkenntnisse in Geschichte und Theorie sind erforderlich. Wenn alle diese Faktoren gegeben sind, wird die Restaurierung eines Objekts von hoher Qualit\u00e4t sein. Im Laufe der Zeit wird die Bedeutung der Restaurierung von Objekten von historischer Bedeutung nur noch zunehmen. Neue moderne Technologien werden es erm\u00f6glichen, Restaurierungsarbeiten von h\u00f6chster Qualit\u00e4t durchzuf\u00fchren. LLC &#8222;Artel-Stroy&#8220; ist das f\u00fchrende Unternehmen in Nikolaev, und in der Region, ist es als f\u00fchrend in der Konstruktion und Restaurierung Dienstleistungen anerkannt. Dank der Einf\u00fchrung moderner Technologien ist es m\u00f6glich, Restaurierungsarbeiten punktgenau auszuf\u00fchren. Alle Teile sind restauriert und behalten ihr Aussehen f\u00fcr eine lange Zeit.<\/p>\n<p>Anschrift des Unternehmens:<br \/>\nUkraine, Nikolaev 54036<br \/>\nSewernaja Str. Sewernaja 2<\/p>\n<p>+38 (0512) 45-15-45<br \/>\nartel.build@gmail.com.\u00a0<\/p>\n<p><\/p>","protected":false},"excerpt":{"rendered":"<p>Ber\u00fchmte Geb\u00e4ude haben eine Geschichte und m\u00fcssen, wenn n\u00f6tig, restauriert werden. Es ist eine Quelle des Nationalstolzes, eine Spur von Menschen wird nicht unbetreten bleiben, Str\u00f6me von Touristen aus allen Ecken der Welt werden es besuchen. Im Laufe der Zeit muss ein solches Geb\u00e4ude restauriert werden, restauriert Regelm\u00e4\u00dfig muss es repariert und nicht unbedingt \u00fcberholt [&hellip;]<\/p>\n","protected":false},"author":1,"featured_media":1111,"parent":819,"menu_order":0,"comment_status":"closed","ping_status":"closed","template":"tpl-uslugi.php","meta":{"_exactmetrics_skip_tracking":false,"_exactmetrics_sitenote_active":false,"_exactmetrics_sitenote_note":"","_exactmetrics_sitenote_category":0,"_monsterinsights_skip_tracking":false,"_monsterinsights_sitenote_active":false,"_monsterinsights_sitenote_note":"","_monsterinsights_sitenote_category":0,"footnotes":""},"class_list":["post-1090","page","type-page","status-publish","has-post-thumbnail","hentry"],"acf":[],"_links":{"self":[{"href":"https:\/\/artel-build.com\/de\/wp-json\/wp\/v2\/pages\/1090","targetHints":{"allow":["GET"]}}],"collection":[{"href":"https:\/\/artel-build.com\/de\/wp-json\/wp\/v2\/pages"}],"about":[{"href":"https:\/\/artel-build.com\/de\/wp-json\/wp\/v2\/types\/page"}],"author":[{"embeddable":true,"href":"https:\/\/artel-build.com\/de\/wp-json\/wp\/v2\/users\/1"}],"replies":[{"embeddable":true,"href":"https:\/\/artel-build.com\/de\/wp-json\/wp\/v2\/comments?post=1090"}],"version-history":[{"count":2,"href":"https:\/\/artel-build.com\/de\/wp-json\/wp\/v2\/pages\/1090\/revisions"}],"predecessor-version":[{"id":4211,"href":"https:\/\/artel-build.com\/de\/wp-json\/wp\/v2\/pages\/1090\/revisions\/4211"}],"up":[{"embeddable":true,"href":"https:\/\/artel-build.com\/de\/wp-json\/wp\/v2\/pages\/819"}],"wp:featuredmedia":[{"embeddable":true,"href":"https:\/\/artel-build.com\/de\/wp-json\/wp\/v2\/media\/1111"}],"wp:attachment":[{"href":"https:\/\/artel-build.com\/de\/wp-json\/wp\/v2\/media?parent=1090"}],"curies":[{"name":"wp","href":"https:\/\/api.w.org\/{rel}","templated":true}]}}