{"id":1092,"date":"2018-09-22T11:31:00","date_gmt":"2018-09-22T08:31:00","guid":{"rendered":"https:\/\/artel-build.com\/?page_id=1092"},"modified":"2022-12-11T20:07:18","modified_gmt":"2022-12-11T17:07:18","slug":"otdelochnye-raboty","status":"publish","type":"page","link":"https:\/\/artel-build.com\/de\/stroitelnye-uslugi\/otdelochnye-raboty\/","title":{"rendered":"Abschlie\u00dfende Arbeiten"},"content":{"rendered":"<p><\/p>\n<p>F\u00fcr jeden Menschen ist seine Wohnung oder sein Haus der Ort, an dem er seine Zeit verbringen und sich so wohl wie m\u00f6glich f\u00fchlen m\u00f6chte. Bei der Fertigstellung sollten daher die Gestaltungsl\u00f6sungen gew\u00e4hlt werden, die Ihrem individuellen Geschmack entsprechen. Um das gew\u00fcnschte Ergebnis zu erzielen, m\u00fcssen Sie alles ber\u00fccksichtigen: die richtige Wahl der Materialien, die f\u00fcr die Fertigstellung von B\u00f6den, W\u00e4nden und Decken verwendet werden, sowie dekorative Elemente und Beleuchtungsl\u00f6sungen, die sicherlich eine Rolle im Gesamtbild der Reparatur spielen werden.<\/p>\n<p>Die Abschlussarbeiten beginnen mit der Decke. Die Decke ist der sichtbarste Teil des Innenraums. In der Firma Artel Stroy LLC werden Deckenausbauarbeiten sowie andere Arbeiten nur von hochqualifizierten Fachleuten ausgef\u00fchrt. Was die Bodenbel\u00e4ge betrifft, so gibt es derzeit eine gro\u00dfe Auswahl an Laminat- und Hartholzb\u00f6den. Die Spezialisten von Artel Stroy LLC helfen Ihnen immer, die besten Materialien zum besten Preis auszuw\u00e4hlen. Eine weitere, wahrscheinlich die umfangreichste Phase der Ausbauarbeiten ist der Ausbau der W\u00e4nde. Wir verwenden verschiedene Arten von Tapeten f\u00fcr die Veredelung von W\u00e4nden, wie z. B.: Vinyltapeten, Papier, Glastapeten, Relieftapeten, Textiltapeten, Kork-Tapeten, Fl\u00fcssigtapeten.<\/p>\n<p>Die Reparatur- und Dekorationsarbeiten werden von Fachleuten mit langj\u00e4hriger Erfahrung durchgef\u00fchrt. Sehr beliebt ist heutzutage die Verwendung verschiedener dekorativer Farben und Beschichtungen, darunter venezianischer Putz und Dekorputz. In B\u00e4dern, Fluren und Wohnr\u00e4umen werden neben Fliesen und Mosaiken oft auch Dekorplatten, Steine und vieles mehr verwendet. Sie k\u00f6nnen sich der hohen Qualit\u00e4t der Reparatur- und Dekorationsarbeiten von Artel Stroy LLC sicher sein.<\/p>\n<p>LLC &#8222;Artel-Stroy&#8220; f\u00fchrt Innenausbauarbeiten von Wohnungen, Landh\u00e4usern und H\u00e4usern, B\u00fcros und Gesch\u00e4ftsr\u00e4umen durch. Die Preise f\u00fcr alle Arten von Arbeiten k\u00f6nnen Sie in der Rubrik Preise auf unserer Website einsehen, und nachdem Sie unseren Spezialisten angerufen haben, werden wir einen detaillierten Kostenvoranschlag mit Vorschl\u00e4gen erstellen.<\/p>\n<p>Die Firma LLC &#8222;Artel-Stroy&#8220; gerne helfen Ihnen bei der Umsetzung der Bau-und Ausbauarbeiten, unter Ber\u00fccksichtigung aller Bauvorschriften, Anforderungen und nat\u00fcrlich Ihre W\u00fcnsche.<\/p>\n<p>LLC &#8222;Artel-Stroy&#8220; f\u00fchrt auch Bau- und Ausbauarbeiten in der Region Nikolaev durch. Unsere Handwerker haben eine gro\u00dfe Anzahl von verschiedenen Projekten in Nikolaev und Mykolaiv Region abgeschlossen, sie sind Wohnungen in neuen Geb\u00e4uden, die heute sehr relevant sind, aufgrund der erschwinglichen Preise und gut entwickelte Infrastruktur, B\u00fcro-und Gewerbefl\u00e4chen, Einrichtungen f\u00fcr verschiedene Zwecke. Wenn Sie in der Region Nikolaev Ausbauarbeiten durchf\u00fchren m\u00fcssen, k\u00f6nnen Sie sich sicher an unser Unternehmen wenden.<br \/>\n\u00dcbersetzt mit www.DeepL.com\/Translator (kostenlose Version)<\/p>\n<p><\/p>","protected":false},"excerpt":{"rendered":"<p>F\u00fcr jeden Menschen ist seine Wohnung oder sein Haus der Ort, an dem er seine Zeit verbringen und sich so wohl wie m\u00f6glich f\u00fchlen m\u00f6chte. Bei der Fertigstellung sollten daher die Gestaltungsl\u00f6sungen gew\u00e4hlt werden, die Ihrem individuellen Geschmack entsprechen. Um das gew\u00fcnschte Ergebnis zu erzielen, m\u00fcssen Sie alles ber\u00fccksichtigen: die richtige Wahl der Materialien, die [&hellip;]<\/p>\n","protected":false},"author":1,"featured_media":1115,"parent":819,"menu_order":0,"comment_status":"closed","ping_status":"closed","template":"tpl-uslugi.php","meta":{"_exactmetrics_skip_tracking":false,"_exactmetrics_sitenote_active":false,"_exactmetrics_sitenote_note":"","_exactmetrics_sitenote_category":0,"_monsterinsights_skip_tracking":false,"_monsterinsights_sitenote_active":false,"_monsterinsights_sitenote_note":"","_monsterinsights_sitenote_category":0,"footnotes":""},"class_list":["post-1092","page","type-page","status-publish","has-post-thumbnail","hentry"],"acf":[],"_links":{"self":[{"href":"https:\/\/artel-build.com\/de\/wp-json\/wp\/v2\/pages\/1092","targetHints":{"allow":["GET"]}}],"collection":[{"href":"https:\/\/artel-build.com\/de\/wp-json\/wp\/v2\/pages"}],"about":[{"href":"https:\/\/artel-build.com\/de\/wp-json\/wp\/v2\/types\/page"}],"author":[{"embeddable":true,"href":"https:\/\/artel-build.com\/de\/wp-json\/wp\/v2\/users\/1"}],"replies":[{"embeddable":true,"href":"https:\/\/artel-build.com\/de\/wp-json\/wp\/v2\/comments?post=1092"}],"version-history":[{"count":2,"href":"https:\/\/artel-build.com\/de\/wp-json\/wp\/v2\/pages\/1092\/revisions"}],"predecessor-version":[{"id":4210,"href":"https:\/\/artel-build.com\/de\/wp-json\/wp\/v2\/pages\/1092\/revisions\/4210"}],"up":[{"embeddable":true,"href":"https:\/\/artel-build.com\/de\/wp-json\/wp\/v2\/pages\/819"}],"wp:featuredmedia":[{"embeddable":true,"href":"https:\/\/artel-build.com\/de\/wp-json\/wp\/v2\/media\/1115"}],"wp:attachment":[{"href":"https:\/\/artel-build.com\/de\/wp-json\/wp\/v2\/media?parent=1092"}],"curies":[{"name":"wp","href":"https:\/\/api.w.org\/{rel}","templated":true}]}}