{"id":1101,"date":"2018-09-22T11:31:00","date_gmt":"2018-09-22T08:31:00","guid":{"rendered":"https:\/\/artel-build.com\/?page_id=1101"},"modified":"2022-12-11T19:50:23","modified_gmt":"2022-12-11T16:50:23","slug":"metallokonstruktsii","status":"publish","type":"page","link":"https:\/\/artel-build.com\/de\/stroitelnye-uslugi\/metallokonstruktsii\/","title":{"rendered":"Metallarbeiten"},"content":{"rendered":"<p><\/p>\n<p>\u00a0Unser Unternehmen garantiert eine hohe Qualit\u00e4t und eine schnelle Ausf\u00fchrung Ihres Auftrags zum Schwei\u00dfen von Metallkonstruktionen. Dank erfahrener, qualifizierter Schwei\u00dfer und moderner Schwei\u00dfger\u00e4te gew\u00e4hrleisten wir sicheres Arbeiten vor Ort und ein perfektes Schwei\u00dfergebnis.<\/p>\n<p>\u00a0Wir f\u00fchren alle Schwei\u00dfarbeiten m\u00e4ngelfrei nach GOST durch und die Zuverl\u00e4ssigkeit ist durch eine Garantie gesichert.<\/p>\n<p>\u00a0Das Leistungsspektrum des Unternehmens<\/p>\n<p>\u00a0Wir bieten die folgenden Dienstleistungen an:<\/p>\n<p>&#8211; Schwei\u00dfen und Montage von Stahlkonstruktionen nach den Zeichnungen des Kunden;<\/p>\n<p>&#8211; Schwei\u00dfen und Anbringen von Gittern an den Fenstern;<\/p>\n<p>&#8211; Reparatur und Schwei\u00dfen von Balkongel\u00e4ndern;<\/p>\n<p>&#8211; Herstellung und Montage von D\u00e4chern, Vord\u00e4chern, Markisen, einschlie\u00dflich Automobilen;<\/p>\n<p>&#8211; Schwei\u00dfen und Installation von automatischen Toren &#8211; Schiebetore, Drehtore;<\/p>\n<p>&#8211; Schwei\u00dfen und Montage von Toren, Z\u00e4unen, Pforten, Z\u00e4unen;<\/p>\n<p>&#8211; Schwei\u00dfen und Anbringen von Werbeanlagen;<\/p>\n<p>&#8211; Schwei\u00dfen von Gew\u00e4chsh\u00e4usern und Fr\u00fchbeeten;<\/p>\n<p>&#8211; Herstellung von Metallrahmen.<\/p>\n<p>\u00a0Nachfrage nach Metallstrukturen<\/p>\n<p>\u00a0Innovationen in der Welt des Bauwesens haben Stahlkonstruktionen auf einen der ersten Pl\u00e4tze der Nachfrage gebracht. Sie werden in Form von massiven oder durchgehenden Systemen beim Bau von ein- und mehrst\u00f6ckigen Geb\u00e4uden verwendet, sind unverzichtbar f\u00fcr zuverl\u00e4ssige \u00dcberdachungen mit gro\u00dfen Spannweiten wie Hangars, werden in der Landwirtschaft, auf Gewerbefl\u00e4chen, in Sportanlagen, in Privathaushalten usw. nachgefragt. Ihre Verwendung reduziert die Kosten und die Dauer der Bauarbeiten erheblich. Dementsprechend gro\u00df ist das Interesse an Qualit\u00e4tsdienstleistungen f\u00fcr das Schwei\u00dfen und die Montage von Stahlkonstruktionen.<\/p>\n<p>\u00a0Beauftragen Sie Fachleute mit der Installation von Stahlkonstruktionen.<\/p>\n<p>\u00a0Unser Unternehmen verf\u00fcgt \u00fcber einen gro\u00dfen Erfahrungsschatz in diesem Bereich, erfahrene Handwerker machen jede komplexe Aufgabe machbar. Wenn Sie eine perfekte Installation von Stahlkonstruktionen ben\u00f6tigen, die den h\u00f6chsten Standards entsprechen, wenden Sie sich an uns.<\/p>\n<p>\u00a0Vorteile, die den Kunden erwarten, der unsere Firma f\u00fcr den Auftrag w\u00e4hlt<\/p>\n<p>\u00a0Es lohnt sich, mit unserer Organisation zu arbeiten, denn wir garantieren:<\/p>\n<p>&#8211; Hohe Qualit\u00e4t der Arbeit. Unser Team besteht aus Fachleuten, die jeden Tag in der erfolgreichen Durchf\u00fchrung komplexer Aufgaben ge\u00fcbt sind. Mit ihrer Hilfe haben wir viele Projekte realisiert und genie\u00dfen das ungebrochene Vertrauen unserer Kunden;<\/p>\n<p>&#8211; Angemessener Preis. Neben der hohen Qualit\u00e4t \u00fcberzeugen wir unsere Kunden auch mit einem g\u00fcnstigen Preis. Im Hinblick auf das Preis-Leistungs-Verh\u00e4ltnis wird die Wahl unseres Unternehmens die beste L\u00f6sung angesichts der Angebote auf dem Markt sein;<\/p>\n<p>&#8211; Eine breite Palette von Gegenst\u00e4nden f\u00fcr die Arbeit. Montage und Schwei\u00dfen von Metallkonstruktionen f\u00fcr Schuppen, Pavillons, Hangars, M\u00e4rkte, Kioske, Schuppen und mehr, Herstellung von Z\u00e4unen, Toren, Treppen usw. &#8211; Unser Angebot an Dienstleistungen erm\u00f6glicht es Ihnen, das auszuw\u00e4hlen, was Sie brauchen;<\/p>\n<p>&#8211; Schnelle Ausf\u00fchrung Ihrer Bestellung. Wir achten sehr auf die Einhaltung von Fristen, denn wir sparen Ihre Zeit und die Zeit unserer Kunden.\u00a0<\/p>\n<p>\u00a0Sie haben die M\u00f6glichkeit, die Dienste unserer erfahrenen Handwerker in Anspruch zu nehmen, die in der Lage sind, jedes Problem professionell zu l\u00f6sen. Rufen Sie uns an, wenn Sie die Montage und das Schwei\u00dfen von Stahlkonstruktionen ben\u00f6tigen, und seien Sie sich des Ergebnisses und des hohen Leistungsniveaus sicher.<\/p>\n<p>&nbsp;<\/p>\n<p><\/p>","protected":false},"excerpt":{"rendered":"<p>\u00a0Unser Unternehmen garantiert eine hohe Qualit\u00e4t und eine schnelle Ausf\u00fchrung Ihres Auftrags zum Schwei\u00dfen von Metallkonstruktionen. Dank erfahrener, qualifizierter Schwei\u00dfer und moderner Schwei\u00dfger\u00e4te gew\u00e4hrleisten wir sicheres Arbeiten vor Ort und ein perfektes Schwei\u00dfergebnis. \u00a0Wir f\u00fchren alle Schwei\u00dfarbeiten m\u00e4ngelfrei nach GOST durch und die Zuverl\u00e4ssigkeit ist durch eine Garantie gesichert. \u00a0Das Leistungsspektrum des Unternehmens \u00a0Wir bieten [&hellip;]<\/p>\n","protected":false},"author":1,"featured_media":1112,"parent":819,"menu_order":0,"comment_status":"closed","ping_status":"closed","template":"tpl-uslugi.php","meta":{"_exactmetrics_skip_tracking":false,"_exactmetrics_sitenote_active":false,"_exactmetrics_sitenote_note":"","_exactmetrics_sitenote_category":0,"_monsterinsights_skip_tracking":false,"_monsterinsights_sitenote_active":false,"_monsterinsights_sitenote_note":"","_monsterinsights_sitenote_category":0,"footnotes":""},"class_list":["post-1101","page","type-page","status-publish","has-post-thumbnail","hentry"],"acf":[],"_links":{"self":[{"href":"https:\/\/artel-build.com\/de\/wp-json\/wp\/v2\/pages\/1101","targetHints":{"allow":["GET"]}}],"collection":[{"href":"https:\/\/artel-build.com\/de\/wp-json\/wp\/v2\/pages"}],"about":[{"href":"https:\/\/artel-build.com\/de\/wp-json\/wp\/v2\/types\/page"}],"author":[{"embeddable":true,"href":"https:\/\/artel-build.com\/de\/wp-json\/wp\/v2\/users\/1"}],"replies":[{"embeddable":true,"href":"https:\/\/artel-build.com\/de\/wp-json\/wp\/v2\/comments?post=1101"}],"version-history":[{"count":3,"href":"https:\/\/artel-build.com\/de\/wp-json\/wp\/v2\/pages\/1101\/revisions"}],"predecessor-version":[{"id":4207,"href":"https:\/\/artel-build.com\/de\/wp-json\/wp\/v2\/pages\/1101\/revisions\/4207"}],"up":[{"embeddable":true,"href":"https:\/\/artel-build.com\/de\/wp-json\/wp\/v2\/pages\/819"}],"wp:featuredmedia":[{"embeddable":true,"href":"https:\/\/artel-build.com\/de\/wp-json\/wp\/v2\/media\/1112"}],"wp:attachment":[{"href":"https:\/\/artel-build.com\/de\/wp-json\/wp\/v2\/media?parent=1101"}],"curies":[{"name":"wp","href":"https:\/\/api.w.org\/{rel}","templated":true}]}}