{"id":1103,"date":"2018-09-25T09:44:10","date_gmt":"2018-09-25T06:44:10","guid":{"rendered":"https:\/\/artel-build.com\/?page_id=1103"},"modified":"2022-12-11T19:48:54","modified_gmt":"2022-12-11T16:48:54","slug":"vnutrennie-raboty-vse-vidy","status":"publish","type":"page","link":"https:\/\/artel-build.com\/de\/stroitelnye-uslugi\/vnutrennie-raboty-vse-vidy\/","title":{"rendered":"Innenausbau (alle Arten)"},"content":{"rendered":"<p><\/p>\n<p>Der Bau eines Geb\u00e4udes endet immer mit der Fertigstellung: au\u00dfen und innen. Dies ist die Arbeit, die dem Geb\u00e4ude sein \u00e4sthetisches Aussehen verleiht. Die Qualit\u00e4t des Ausbaus entscheidet \u00fcber den materiellen Wert des gesamten Geb\u00e4udes und dar\u00fcber, wie harmonisch das gesamte Geb\u00e4ude aussehen wird.<\/p>\n<p>Innen- und Au\u00dfenausbauarbeiten haben auch eine Schutzfunktion. Ein hochwertiger Ausbau sch\u00fctzt die gesamte Struktur vor Einsturz, schafft Akustik, nat\u00fcrliche Bel\u00fcftung und verbessert die nat\u00fcrliche Beleuchtung.<\/p>\n<p>Der Au\u00dfenausbau sch\u00fctzt das Geb\u00e4ude vor mechanischen Besch\u00e4digungen, Temperaturunterschieden, hoher Luftfeuchtigkeit, Pilz- und Schimmelbildung, Korrosion usw. und verleiht dem gesamten Bauwerk ein \u00e4sthetisches Aussehen.<\/p>\n<p>Alle Veredelungsarbeiten, die Artel Stroy ausf\u00fchrt, sind in Kategorien unterteilt:<\/p>\n<p>Demontagearbeiten.<br \/>\nIm Zuge dieser Arbeiten entfernen wir alte Fenster und \u00d6ffnungen, Rohre, Fu\u00dfb\u00f6den sowie alte Farbe oder Tapeten von W\u00e4nden und Decken.<\/p>\n<p>Verputzarbeiten.<br \/>\nHierbei handelt es sich um die Ausf\u00fchrung von Decken und W\u00e4nden mit verschiedenen Baustoffen. Zum Ausgleichen der W\u00e4nde und Decken wird Gips verwendet. Um bestimmte Texturen zu schaffen, wurde dekorativer und k\u00fcnstlerischer Putz verwendet.<\/p>\n<p>Malerei.<br \/>\nMalerei ist das Auftragen von Lacken oder Farben auf eine speziell behandelte und vorbereitete Wand- und Deckenfl\u00e4che. Farben und Lacke werden in zwei Kategorien eingeteilt: Au\u00dfen- und Innenarbeiten. Au\u00dfenbeschichtungen sch\u00fctzen das Geb\u00e4ude vor Witterungseinfl\u00fcssen, w\u00e4hrend Innenbeschichtungen haupts\u00e4chlich zu dekorativen Zwecken verwendet werden.<\/p>\n<p>Gegen\u00fcberstellung.<br \/>\nDie Verkleidung ist eine Verkleidung von W\u00e4nden und Decken mit Platten aus nat\u00fcrlichen oder synthetischen Materialien, Verkleidungen sowie Fliesen. Diese Art von Arbeiten gew\u00e4hrleistet die Einhaltung der hygienischen Normen und macht die R\u00e4umlichkeiten \u00e4sthetisch.<\/p>\n<p>Tapetenverkleidung funktioniert.<br \/>\nDie Tapete ist die beliebteste Art der dekorativen Tapete. Meistens werden sie an W\u00e4nde und Decken geklebt. Heute bietet der Markt eine riesige Auswahl an Tapeten. Es gibt viele Texturen, Farben, Zusammensetzungen und Qualit\u00e4ten: Papier, Vinyl, Seide usw. Vor dem Tapezieren muss der Untergrund mit einer Grundierung vorbereitet werden.<\/p>\n<p>Bodenbelagsarbeiten.<br \/>\nBei dieser Art von Arbeit handelt es sich um das Verlegen des gew\u00e4hlten Bodenbelags und der Sockelleisten. Es kann sich um Parkett, Laminat, Bodenbel\u00e4ge oder Korkplatten, Linoleum, Fliesen handeln. Zu dieser Art von Arbeiten geh\u00f6ren auch Estrich-, Schall- und Abdichtungsarbeiten, Fu\u00dfbodenheizung usw.<\/p>\n<p>Einbau von T\u00fcr- und Fenster\u00f6ffnungen.<br \/>\nDiese Arbeit darf nur einem Fachmann anvertraut werden, um nicht die gesamte zuvor geleistete Arbeit zunichte zu machen. Alle T\u00fcr- und Fensterrahmen sind so ausgerichtet, dass sich die T\u00fcren nicht \u00f6ffnen und der Wind nicht durch die Fenster wehen kann.<\/p>\n<p>Klempnerarbeiten.<br \/>\nZu den Klempnerarbeiten geh\u00f6rt der Einbau von Duschkabinen, Badewannen, Waschbecken, Wasserh\u00e4hnen, Toiletten, Rohren, Warmwasserbereitern sowie Wasserfiltern und -z\u00e4hlern.<\/p>\n<p>Elektrische Installationsarbeiten.<br \/>\nHier geht es um die Verlegung neuer und die Demontage alter Leitungen, die Installation von Schaltern und Steckdosen, Stromz\u00e4hlern, L\u00fcftung, Beleuchtungsk\u00f6rpern und Kronleuchtern,<\/p>\n<p>Dekoration und Verzierung.<br \/>\nDiese Art von Arbeit ist der letzte Schliff f\u00fcr die Inneneinrichtung. Die Verzierung verleiht dem gesamten Objekt Harmonie und Vollst\u00e4ndigkeit. Gipsstuck an Decken und W\u00e4nden, venezianischer Putz, Kunstmalerei usw. machen Ihr Haus einzigartig.<\/p>\n<p><\/p>","protected":false},"excerpt":{"rendered":"<p>Der Bau eines Geb\u00e4udes endet immer mit der Fertigstellung: au\u00dfen und innen. Dies ist die Arbeit, die dem Geb\u00e4ude sein \u00e4sthetisches Aussehen verleiht. Die Qualit\u00e4t des Ausbaus entscheidet \u00fcber den materiellen Wert des gesamten Geb\u00e4udes und dar\u00fcber, wie harmonisch das gesamte Geb\u00e4ude aussehen wird. Innen- und Au\u00dfenausbauarbeiten haben auch eine Schutzfunktion. Ein hochwertiger Ausbau sch\u00fctzt [&hellip;]<\/p>\n","protected":false},"author":1,"featured_media":933,"parent":819,"menu_order":0,"comment_status":"closed","ping_status":"closed","template":"tpl-usluga.php","meta":{"_exactmetrics_skip_tracking":false,"_exactmetrics_sitenote_active":false,"_exactmetrics_sitenote_note":"","_exactmetrics_sitenote_category":0,"_monsterinsights_skip_tracking":false,"_monsterinsights_sitenote_active":false,"_monsterinsights_sitenote_note":"","_monsterinsights_sitenote_category":0,"footnotes":""},"class_list":["post-1103","page","type-page","status-publish","has-post-thumbnail","hentry"],"acf":[],"_links":{"self":[{"href":"https:\/\/artel-build.com\/de\/wp-json\/wp\/v2\/pages\/1103","targetHints":{"allow":["GET"]}}],"collection":[{"href":"https:\/\/artel-build.com\/de\/wp-json\/wp\/v2\/pages"}],"about":[{"href":"https:\/\/artel-build.com\/de\/wp-json\/wp\/v2\/types\/page"}],"author":[{"embeddable":true,"href":"https:\/\/artel-build.com\/de\/wp-json\/wp\/v2\/users\/1"}],"replies":[{"embeddable":true,"href":"https:\/\/artel-build.com\/de\/wp-json\/wp\/v2\/comments?post=1103"}],"version-history":[{"count":6,"href":"https:\/\/artel-build.com\/de\/wp-json\/wp\/v2\/pages\/1103\/revisions"}],"predecessor-version":[{"id":4206,"href":"https:\/\/artel-build.com\/de\/wp-json\/wp\/v2\/pages\/1103\/revisions\/4206"}],"up":[{"embeddable":true,"href":"https:\/\/artel-build.com\/de\/wp-json\/wp\/v2\/pages\/819"}],"wp:featuredmedia":[{"embeddable":true,"href":"https:\/\/artel-build.com\/de\/wp-json\/wp\/v2\/media\/933"}],"wp:attachment":[{"href":"https:\/\/artel-build.com\/de\/wp-json\/wp\/v2\/media?parent=1103"}],"curies":[{"name":"wp","href":"https:\/\/api.w.org\/{rel}","templated":true}]}}