{"id":1641,"date":"2019-03-11T13:56:25","date_gmt":"2019-03-11T10:56:25","guid":{"rendered":"https:\/\/artel-build.com\/?page_id=1641"},"modified":"2022-12-11T20:15:36","modified_gmt":"2022-12-11T17:15:36","slug":"dizajn-intererov","status":"publish","type":"page","link":"https:\/\/artel-build.com\/de\/dizajn-intererov\/","title":{"rendered":"Innenarchitektur"},"content":{"rendered":"<p><\/p>\n<p>Bei uns k\u00f6nnen Sie Innenarchitektur f\u00fcr Ihr Haus oder Ihre Wohnung, aber auch f\u00fcr gewerbliche Objekte bestellen.<\/p>\n<p>&nbsp;<\/p>\n<p>\nDank unserer langj\u00e4hrigen Erfahrung im Bauwesen k\u00f6nnen wir alle unsere Projekte nach den neuesten Normen DSTU, SNIP, DBN durchf\u00fchren.<\/p>\n<p>\nBau (Wartung) &#8211; Unsere Priorit\u00e4t ist Ihr Komfort in allen Phasen der Zusammenarbeit. Deshalb \u00fcbernehmen wir den gesamten Prozess von der Planung und Konstruktion bis hin zur Gestaltung und Landschaftsplanung.<\/p>\n<p>\nInnenarchitektur &#8211; Ein komplettes Designprojekt &#8211; genaue und klare Zeichnungen, 3D-Visualisierungen und Spezifikationen, vollst\u00e4ndige oder teilweise Fertigstellung.<\/p>\n<p><\/p>","protected":false},"excerpt":{"rendered":"<p>Bei uns k\u00f6nnen Sie Innenarchitektur f\u00fcr Ihr Haus oder Ihre Wohnung, aber auch f\u00fcr gewerbliche Objekte bestellen. &nbsp; Dank unserer langj\u00e4hrigen Erfahrung im Bauwesen k\u00f6nnen wir alle unsere Projekte nach den neuesten Normen DSTU, SNIP, DBN durchf\u00fchren. Bau (Wartung) &#8211; Unsere Priorit\u00e4t ist Ihr Komfort in allen Phasen der Zusammenarbeit. Deshalb \u00fcbernehmen wir den gesamten [&hellip;]<\/p>\n","protected":false},"author":1,"featured_media":1654,"parent":0,"menu_order":0,"comment_status":"closed","ping_status":"closed","template":"tpl-usluga.php","meta":{"_exactmetrics_skip_tracking":false,"_exactmetrics_sitenote_active":false,"_exactmetrics_sitenote_note":"","_exactmetrics_sitenote_category":0,"_monsterinsights_skip_tracking":false,"_monsterinsights_sitenote_active":false,"_monsterinsights_sitenote_note":"","_monsterinsights_sitenote_category":0,"footnotes":""},"class_list":["post-1641","page","type-page","status-publish","has-post-thumbnail","hentry"],"acf":[],"_links":{"self":[{"href":"https:\/\/artel-build.com\/de\/wp-json\/wp\/v2\/pages\/1641","targetHints":{"allow":["GET"]}}],"collection":[{"href":"https:\/\/artel-build.com\/de\/wp-json\/wp\/v2\/pages"}],"about":[{"href":"https:\/\/artel-build.com\/de\/wp-json\/wp\/v2\/types\/page"}],"author":[{"embeddable":true,"href":"https:\/\/artel-build.com\/de\/wp-json\/wp\/v2\/users\/1"}],"replies":[{"embeddable":true,"href":"https:\/\/artel-build.com\/de\/wp-json\/wp\/v2\/comments?post=1641"}],"version-history":[{"count":8,"href":"https:\/\/artel-build.com\/de\/wp-json\/wp\/v2\/pages\/1641\/revisions"}],"predecessor-version":[{"id":4212,"href":"https:\/\/artel-build.com\/de\/wp-json\/wp\/v2\/pages\/1641\/revisions\/4212"}],"wp:featuredmedia":[{"embeddable":true,"href":"https:\/\/artel-build.com\/de\/wp-json\/wp\/v2\/media\/1654"}],"wp:attachment":[{"href":"https:\/\/artel-build.com\/de\/wp-json\/wp\/v2\/media?parent=1641"}],"curies":[{"name":"wp","href":"https:\/\/api.w.org\/{rel}","templated":true}]}}