{"id":3956,"date":"2018-09-25T09:44:10","date_gmt":"2018-09-25T06:44:10","guid":{"rendered":"https:\/\/artel-build.com\/stroitelnye-uslugi\/vnutrennie-raboty-vse-vidy-2\/"},"modified":"2022-12-11T19:45:30","modified_gmt":"2022-12-11T16:45:30","slug":"vnutrennie-raboty-vse-vidy-2","status":"publish","type":"page","link":"https:\/\/artel-build.com\/de\/stroitelnye-uslugi\/vnutrennie-raboty-vse-vidy-2\/","title":{"rendered":"Fliesen verlegen"},"content":{"rendered":"<p><\/p>\n<p>Fliesenlegerarbeiten<\/p>\n<p>Das Unternehmen f\u00fchrt Fliesenlegerarbeiten zu einem angemessenen Preis und in guter Qualit\u00e4t aus. Fliesenlegen ist eine schwierige Aufgabe, wenn es um Reparaturen geht. Wenn Sie die Arbeiten selbst durchf\u00fchren, wird die Situation komplizierter, was zu einer l\u00e4ngeren Reparaturdauer f\u00fchren kann.<\/p>\n<p>&nbsp;<\/p>\n<p>Checkliste der Aufgaben<\/p>\n<p>Entfernen der alten Fliesen;<br \/>\nVorbereitung der Oberfl\u00e4che;<br \/>\nZubereitung des M\u00f6rtels oder der Klebstoffzusammensetzung;<br \/>\nVerlegung neuer Fliesen unterschiedlicher Art und Gr\u00f6\u00dfe;<br \/>\nVerfugung der Fugen.<br \/>\nZus\u00e4tzlich zu den oben genannten Grundleistungen kann der Kunde je nach Zustand des Raumes folgende Arbeiten erhalten:<\/p>\n<p>Fertigstellung mit Fliesen an W\u00e4nden und Boden;<br \/>\nVerlegung von Nicht-Standard-Fliesen;<br \/>\nPorzellanfliesen;<br \/>\nGlas- und Keramikmosaikfliesen;<br \/>\nVerlegen der Kante der Fliesen;<br \/>\nSockelleisten aus Fliesen;<br \/>\nBohren von L\u00f6chern in Fliesen mit unterschiedlichen Durchmessern.<br \/>\nBei der Erbringung unserer Dienstleistungen verwenden wir ausschlie\u00dflich moderne Materialien, die dem Stand der Technik entsprechen. Dadurch erreicht die Oberfl\u00e4che hohe Festigkeitseigenschaften.<\/p>\n<p><\/p>","protected":false},"excerpt":{"rendered":"<p>Fliesenlegerarbeiten Das Unternehmen f\u00fchrt Fliesenlegerarbeiten zu einem angemessenen Preis und in guter Qualit\u00e4t aus. Fliesenlegen ist eine schwierige Aufgabe, wenn es um Reparaturen geht. Wenn Sie die Arbeiten selbst durchf\u00fchren, wird die Situation komplizierter, was zu einer l\u00e4ngeren Reparaturdauer f\u00fchren kann. &nbsp; Checkliste der Aufgaben Entfernen der alten Fliesen; Vorbereitung der Oberfl\u00e4che; Zubereitung des M\u00f6rtels [&hellip;]<\/p>\n","protected":false},"author":1,"featured_media":933,"parent":819,"menu_order":0,"comment_status":"closed","ping_status":"closed","template":"tpl-usluga.php","meta":{"_exactmetrics_skip_tracking":false,"_exactmetrics_sitenote_active":false,"_exactmetrics_sitenote_note":"","_exactmetrics_sitenote_category":0,"_monsterinsights_skip_tracking":false,"_monsterinsights_sitenote_active":false,"_monsterinsights_sitenote_note":"","_monsterinsights_sitenote_category":0,"footnotes":""},"class_list":["post-3956","page","type-page","status-publish","has-post-thumbnail","hentry"],"acf":[],"_links":{"self":[{"href":"https:\/\/artel-build.com\/de\/wp-json\/wp\/v2\/pages\/3956","targetHints":{"allow":["GET"]}}],"collection":[{"href":"https:\/\/artel-build.com\/de\/wp-json\/wp\/v2\/pages"}],"about":[{"href":"https:\/\/artel-build.com\/de\/wp-json\/wp\/v2\/types\/page"}],"author":[{"embeddable":true,"href":"https:\/\/artel-build.com\/de\/wp-json\/wp\/v2\/users\/1"}],"replies":[{"embeddable":true,"href":"https:\/\/artel-build.com\/de\/wp-json\/wp\/v2\/comments?post=3956"}],"version-history":[{"count":4,"href":"https:\/\/artel-build.com\/de\/wp-json\/wp\/v2\/pages\/3956\/revisions"}],"predecessor-version":[{"id":4203,"href":"https:\/\/artel-build.com\/de\/wp-json\/wp\/v2\/pages\/3956\/revisions\/4203"}],"up":[{"embeddable":true,"href":"https:\/\/artel-build.com\/de\/wp-json\/wp\/v2\/pages\/819"}],"wp:featuredmedia":[{"embeddable":true,"href":"https:\/\/artel-build.com\/de\/wp-json\/wp\/v2\/media\/933"}],"wp:attachment":[{"href":"https:\/\/artel-build.com\/de\/wp-json\/wp\/v2\/media?parent=3956"}],"curies":[{"name":"wp","href":"https:\/\/api.w.org\/{rel}","templated":true}]}}