{"id":54,"date":"2017-05-25T16:49:36","date_gmt":"2017-05-25T13:49:36","guid":{"rendered":"http:\/\/localhost\/artel\/?page_id=54"},"modified":"2022-12-11T21:08:24","modified_gmt":"2022-12-11T18:08:24","slug":"o-nashej-kompanii","status":"publish","type":"page","link":"https:\/\/artel-build.com\/de\/o-nashej-kompanii\/","title":{"rendered":"\u00dcber unser Unternehmen"},"content":{"rendered":"<p><\/p>\n<p>\nWir sind uns bewusst, wie komplex Projektmanagement und -\u00fcberwachung sein k\u00f6nnen, und werden Sie so weit wie m\u00f6glich vor Problemen bewahren. Seit seiner Gr\u00fcndung im Jahr 2001 ist ARTEL-STROY ein f\u00fchrendes Bauunternehmen.<\/p>\n<p>Wir sind ein Team von hochqualifizierten Fachleuten, die sowohl komplexe Projekte als auch einfache Auftr\u00e4ge erfolgreich durchf\u00fchren. Wir streben nach Spitzenleistungen und tun unser Bestes, um sicherzustellen, dass unsere Kunden mit unserer Arbeit rundum zufrieden sind. Kontaktieren Sie uns f\u00fcr ein kostenloses Beratungsgespr\u00e4ch.<\/p>\n<p>Wir \u00fcbernehmen Planungsarbeiten sowohl f\u00fcr Wohnprojekte als auch f\u00fcr gro\u00dfe Industrieprojekte. \u00a0Unser Unternehmen f\u00fchrt verschiedene allgemeine Bauarbeiten aus, wie z. B. Fundamentarbeiten, Fertigung und Montage von Stahlkonstruktionen, Schwei\u00dfarbeiten, Bau- und Installationsarbeiten, Dachdeckerarbeiten, Elektroinstallationen, Verputzarbeiten, alle Arten von Innenausbauarbeiten, Gipskartonarbeiten, Fliesenarbeiten, Fassadenarbeiten usw.<\/p>\n<p>Unser Unternehmen f\u00fchrt die Installation und Wartung aller Arten von automatischen Toren, Rolltoren, Drehkreuzen und Schranken sowie von Metall-Kunststoff-Fenstern und -T\u00fcren durch.<\/p>\n<p><\/p>","protected":false},"excerpt":{"rendered":"<p>Wir sind uns bewusst, wie komplex Projektmanagement und -\u00fcberwachung sein k\u00f6nnen, und werden Sie so weit wie m\u00f6glich vor Problemen bewahren. Seit seiner Gr\u00fcndung im Jahr 2001 ist ARTEL-STROY ein f\u00fchrendes Bauunternehmen. Wir sind ein Team von hochqualifizierten Fachleuten, die sowohl komplexe Projekte als auch einfache Auftr\u00e4ge erfolgreich durchf\u00fchren. Wir streben nach Spitzenleistungen und tun [&hellip;]<\/p>\n","protected":false},"author":1,"featured_media":56,"parent":0,"menu_order":0,"comment_status":"closed","ping_status":"closed","template":"tpl-about.php","meta":{"_exactmetrics_skip_tracking":false,"_exactmetrics_sitenote_active":false,"_exactmetrics_sitenote_note":"","_exactmetrics_sitenote_category":0,"_monsterinsights_skip_tracking":false,"_monsterinsights_sitenote_active":false,"_monsterinsights_sitenote_note":"","_monsterinsights_sitenote_category":0,"footnotes":""},"class_list":["post-54","page","type-page","status-publish","has-post-thumbnail","hentry"],"acf":[],"_links":{"self":[{"href":"https:\/\/artel-build.com\/de\/wp-json\/wp\/v2\/pages\/54","targetHints":{"allow":["GET"]}}],"collection":[{"href":"https:\/\/artel-build.com\/de\/wp-json\/wp\/v2\/pages"}],"about":[{"href":"https:\/\/artel-build.com\/de\/wp-json\/wp\/v2\/types\/page"}],"author":[{"embeddable":true,"href":"https:\/\/artel-build.com\/de\/wp-json\/wp\/v2\/users\/1"}],"replies":[{"embeddable":true,"href":"https:\/\/artel-build.com\/de\/wp-json\/wp\/v2\/comments?post=54"}],"version-history":[{"count":26,"href":"https:\/\/artel-build.com\/de\/wp-json\/wp\/v2\/pages\/54\/revisions"}],"predecessor-version":[{"id":4214,"href":"https:\/\/artel-build.com\/de\/wp-json\/wp\/v2\/pages\/54\/revisions\/4214"}],"wp:featuredmedia":[{"embeddable":true,"href":"https:\/\/artel-build.com\/de\/wp-json\/wp\/v2\/media\/56"}],"wp:attachment":[{"href":"https:\/\/artel-build.com\/de\/wp-json\/wp\/v2\/media?parent=54"}],"curies":[{"name":"wp","href":"https:\/\/api.w.org\/{rel}","templated":true}]}}