{"id":1090,"date":"2018-09-22T11:31:00","date_gmt":"2018-09-22T08:31:00","guid":{"rendered":"https:\/\/artel-build.com\/?page_id=1090"},"modified":"2022-12-11T20:11:19","modified_gmt":"2022-12-11T17:11:19","slug":"stroitelstvo-zdanij-ih-rekonstruktsiya-i-remont","status":"publish","type":"page","link":"https:\/\/artel-build.com\/pl\/stroitelnye-uslugi\/stroitelstvo-zdanij-ih-rekonstruktsiya-i-remont\/","title":{"rendered":"Budowa, remonty i naprawy budynk\u00f3w"},"content":{"rendered":"<p><\/p>\n<p>Znane budynki maj\u0105 swoj\u0105 histori\u0119 i w razie potrzeby nale\u017cy je odrestaurowa\u0107. Jest powodem do dumy narodowej, szlak ludzi nie pozostanie niezadeptany, odwiedz\u0105 go strumienie turyst\u00f3w ze wszystkich zak\u0105tk\u00f3w \u015bwiata. Wraz z up\u0142ywem czasu taki budynek trzeba odrestaurowa\u0107, przywr\u00f3ci\u0107 Regularnie trzeba go naprawia\u0107, a niekoniecznie remontowa\u0107. Domy, kt\u00f3re maj\u0105 sto i wi\u0119cej lat s\u0105 cz\u0119sto restaurowane, nawet te zamieszkiwane przez znane osoby.<\/p>\n<p>Jedn\u0105 z priorytetowych dzia\u0142alno\u015bci firmy Artel-Stroy Sp. z o.o. jest budowa budynk\u00f3w, a tak\u017ce ich naprawa i renowacja. Prace budowlane i renowacyjne wymagaj\u0105 nast\u0119puj\u0105cego zestawu us\u0142ug:<\/p>\n<p>1. prace badawcze w zakresie renowacji.<br \/>\n2. Opracowanie wymaganej dokumentacji projektowej dla prac remontowych i renowacyjnych.<br \/>\n3. Wykonywanie remont\u00f3w i renowacji budynk\u00f3w o wysokim standardzie.<br \/>\n4. Mo\u017cliwa reprofilacja budynku, zwi\u0119kszaj\u0105ca jego liczb\u0119 kondygnacji. W razie potrzeby wymiana prz\u0119se\u0142 i p\u0142yt.<br \/>\n5. Kompleksowa wymiana medi\u00f3w.<br \/>\n6. Odnowienie otaczaj\u0105cego terenu.<\/p>\n<p>Ca\u0142kowity lub cz\u0119\u015bciowy remont budynk\u00f3w u\u017cyteczno\u015bci publicznej i mieszkalnych<\/p>\n<p>Budynki u\u017cyteczno\u015bci publicznej o warto\u015bci historycznej powinny by\u0107 odrestaurowane przede wszystkim dlatego, \u017ce przyci\u0105gaj\u0105 t\u0142umy turyst\u00f3w.\u00a0Przedstawiaj\u0105 one r\u00f3wnie\u017c architektur\u0119 miasta i s\u0105 jego symbolem. R\u00f3wnie\u017c taki budynek powinien by\u0107 wykorzystywany zgodnie z jego przeznaczeniem. Dobitnym tego przyk\u0142adem jest Opera w Odessie. Na przyk\u0142ad w teatrze po przebudowie zachowane jest wn\u0119trze budynku i jego wygl\u0105d.\u00a0Wygl\u0105d budynku lub jego wygl\u0105d zewn\u0119trzny nie mo\u017ce ulec zmianie architektonicznej.<\/p>\n<p>G\u0142\u00f3wne etapy prac konserwatorskich i renowacyjnych to.<\/p>\n<p>1. Kompletny przegl\u0105d budynku. Tutaj wa\u017cne jest ustalenie aktualnego stanu budynku. Wykonywany jest pe\u0142en komplet opracowa\u0144 technicznych, w tym stan element\u00f3w konstrukcyjnych, strop\u00f3w i \u015bcian no\u015bnych, analiza komunikacji i uzbrojenia terenu. Podany jest kompletny stan budynku. Na podstawie wynik\u00f3w ankiety powstaje projekt i podejmowane s\u0105 decyzje projektowe.<br \/>\n2. Bezpo\u015bredni rozw\u00f3j projektu i jego koordynacja z klientem. Projektowanie na potrzeby przebudowy nie r\u00f3\u017cni si\u0119 od projektowania przed budow\u0105 nowego obiektu. Projekt zawiera wszystkie wymagane dane techniczne i rysunki, plan niezb\u0119dnych prac budowlanych. Szacunek przysz\u0142ych prac podany jest oddzielnie. Przed zatwierdzeniem dokumentacji projektowej musi ona zosta\u0107 zatwierdzona przez odpowiednie organy. Po wszystkich zgodach sporz\u0105dzany jest szczeg\u00f3\u0142owy plan.<br \/>\n3. Przygotowanie budynku do prac remontowych. Rozwi\u0105zuje to jednocze\u015bnie dwa problemy: po pierwsze z istniej\u0105cego budynku przekszta\u0142ca si\u0119 w budynek.\u00a0Zdemontowane s\u0105 media i ewentualnie prz\u0119s\u0142a, a tak\u017ce stropy. Na miejscu pracuj\u0105 specjali\u015bci, kt\u00f3rzy szczeg\u00f3\u0142owo badaj\u0105 ka\u017cde pomieszczenie w budynku.<br \/>\n4. Wykonywane s\u0105 us\u0142ugi in\u017cynierskie i roboty stanu surowego. Wzmacnia si\u0119 konstrukcje no\u015bne, zmienia si\u0119 uk\u0142ad pomieszcze\u0144 zgodnie z projektem oraz zmienia si\u0119 cz\u0119\u015bciowo lub ca\u0142kowicie ca\u0142\u0105 komunikacj\u0119. Ca\u0142kowite spe\u0142nienie wszystkich wymaga\u0144 projektowych.<br \/>\n5. Wyko\u0144czenie. Po tym etapie obiekt uzyskuje sw\u00f3j pierwotny wygl\u0105d. Elewacja odrestaurowanego budynku staje si\u0119 m\u0142oda na wiele lat. Mo\u017cliwy monta\u017c o\u015bwietlenia elewacji.<\/p>\n<p>Przeprowadzenie renowacji cz\u0119\u015bci budynku<\/p>\n<p>Ta faza jest bardzo wa\u017cna z punktu widzenia odbudowy. Nale\u017cy zachowa\u0107 historyczny wygl\u0105d budynku. Wa\u017cne jest, aby elewacja pozosta\u0142a taka, jaka by\u0142a sto lat temu. Nie powinno by\u0107 \u017cadnych innowacji. Wszystkie elementy dekoracyjne elewacji powinny by\u0107 w pe\u0142ni zachowane.<\/p>\n<p>W przypadku renowacji i remont\u00f3w budynk\u00f3w mieszkalnych wa\u017cne jest nie tylko zachowanie ich zewn\u0119trznego wygl\u0105du, ale tak\u017ce poprawa warunk\u00f3w \u017cycia ich mieszka\u0144c\u00f3w. Zabytkowe wn\u0119trze powinno pozosta\u0107 bez zmian, ale np. media nale\u017cy wymieni\u0107 na najnowocze\u015bniejsze.<\/p>\n<p>Prace renowacyjne wymagaj\u0105 nie tylko wiedzy i do\u015bwiadczenia, ale tak\u017ce \u017cmudnej pracy. Wymagana jest podstawowa wiedza zar\u00f3wno z zakresu historii, jak i teorii. Posiadanie tych wszystkich czynnik\u00f3w sprawi, \u017ce renowacja obiektu b\u0119dzie wysokiej jako\u015bci. Z czasem znaczenie przywracania do \u017cycia obiekt\u00f3w o znaczeniu historycznym b\u0119dzie tylko ros\u0142o. Nowe nowoczesne technologie pozwol\u0105 na wykonanie prac renowacyjnych o maksymalnej jako\u015bci. LLC &#8222;Artel-Stroy&#8221; jest wiod\u0105c\u0105 firm\u0105 w Niko\u0142ajewie, a w regionie jest uznawany za lidera w zakresie us\u0142ug budowlanych i renowacyjnych. Dzi\u0119ki wprowadzeniu nowoczesnych technologii mo\u017cliwe jest przeprowadzenie prac konserwatorskich z dok\u0142adno\u015bci\u0105 co do punktu. Wszystkie cz\u0119\u015bci s\u0105 odrestaurowane i zachowuj\u0105 sw\u00f3j wygl\u0105d przez d\u0142ugi czas.<\/p>\n<p>Adres firmy:<br \/>\nUkraina, Nikolaev 54036<br \/>\nSevernaya str. Severnaya 2<\/p>\n<p>+38 (0512) 45-15-45<br \/>\nartel.build@gmail.com.\u00a0<\/p>\n<p><\/p>","protected":false},"excerpt":{"rendered":"<p>Znane budynki maj\u0105 swoj\u0105 histori\u0119 i w razie potrzeby nale\u017cy je odrestaurowa\u0107. Jest powodem do dumy narodowej, szlak ludzi nie pozostanie niezadeptany, odwiedz\u0105 go strumienie turyst\u00f3w ze wszystkich zak\u0105tk\u00f3w \u015bwiata. Wraz z up\u0142ywem czasu taki budynek trzeba odrestaurowa\u0107, przywr\u00f3ci\u0107 Regularnie trzeba go naprawia\u0107, a niekoniecznie remontowa\u0107. Domy, kt\u00f3re maj\u0105 sto i wi\u0119cej lat s\u0105 cz\u0119sto [&hellip;]<\/p>\n","protected":false},"author":1,"featured_media":1111,"parent":819,"menu_order":0,"comment_status":"closed","ping_status":"closed","template":"tpl-uslugi.php","meta":{"_exactmetrics_skip_tracking":false,"_exactmetrics_sitenote_active":false,"_exactmetrics_sitenote_note":"","_exactmetrics_sitenote_category":0,"_monsterinsights_skip_tracking":false,"_monsterinsights_sitenote_active":false,"_monsterinsights_sitenote_note":"","_monsterinsights_sitenote_category":0,"footnotes":""},"class_list":["post-1090","page","type-page","status-publish","has-post-thumbnail","hentry"],"acf":[],"_links":{"self":[{"href":"https:\/\/artel-build.com\/pl\/wp-json\/wp\/v2\/pages\/1090","targetHints":{"allow":["GET"]}}],"collection":[{"href":"https:\/\/artel-build.com\/pl\/wp-json\/wp\/v2\/pages"}],"about":[{"href":"https:\/\/artel-build.com\/pl\/wp-json\/wp\/v2\/types\/page"}],"author":[{"embeddable":true,"href":"https:\/\/artel-build.com\/pl\/wp-json\/wp\/v2\/users\/1"}],"replies":[{"embeddable":true,"href":"https:\/\/artel-build.com\/pl\/wp-json\/wp\/v2\/comments?post=1090"}],"version-history":[{"count":2,"href":"https:\/\/artel-build.com\/pl\/wp-json\/wp\/v2\/pages\/1090\/revisions"}],"predecessor-version":[{"id":4211,"href":"https:\/\/artel-build.com\/pl\/wp-json\/wp\/v2\/pages\/1090\/revisions\/4211"}],"up":[{"embeddable":true,"href":"https:\/\/artel-build.com\/pl\/wp-json\/wp\/v2\/pages\/819"}],"wp:featuredmedia":[{"embeddable":true,"href":"https:\/\/artel-build.com\/pl\/wp-json\/wp\/v2\/media\/1111"}],"wp:attachment":[{"href":"https:\/\/artel-build.com\/pl\/wp-json\/wp\/v2\/media?parent=1090"}],"curies":[{"name":"wp","href":"https:\/\/api.w.org\/{rel}","templated":true}]}}