{"id":1092,"date":"2018-09-22T11:31:00","date_gmt":"2018-09-22T08:31:00","guid":{"rendered":"https:\/\/artel-build.com\/?page_id=1092"},"modified":"2022-12-11T20:07:18","modified_gmt":"2022-12-11T17:07:18","slug":"otdelochnye-raboty","status":"publish","type":"page","link":"https:\/\/artel-build.com\/pl\/stroitelnye-uslugi\/otdelochnye-raboty\/","title":{"rendered":"Prace wyko\u0144czeniowe"},"content":{"rendered":"<p><\/p>\n<p>Dla ka\u017cdego jego mieszkanie lub dom jest miejscem, w kt\u00f3rym chce sp\u0119dza\u0107 czas i czu\u0107 si\u0119 jak najbardziej przytulnie i komfortowo. Prace wyko\u0144czeniowe powinny by\u0107 zatem dostosowane do tych rozwi\u0105za\u0144 konstrukcyjnych, kt\u00f3re b\u0119d\u0105 odpowiada\u0142y indywidualnym gustom. Aby osi\u0105gn\u0105\u0107 po\u017c\u0105dane rezultaty, musisz wzi\u0105\u0107 pod uwag\u0119 wszystko: w\u0142a\u015bciwy wyb\u00f3r materia\u0142\u00f3w, kt\u00f3re s\u0105 u\u017cywane do wyko\u0144czenia pod\u0142\u00f3g, \u015bcian i sufit\u00f3w, a tak\u017ce elementy dekoracyjne i rozwi\u0105zania o\u015bwietleniowe, kt\u00f3re z pewno\u015bci\u0105 odegraj\u0105 rol\u0119 w og\u00f3lnym obrazie naprawy.<\/p>\n<p>Prace wyko\u0144czeniowe zaczynaj\u0105 si\u0119 od sufitu. Sufit jest najbardziej widocznym elementem wn\u0119trza. W Artel Stroy LLC prace zwi\u0105zane z wyko\u0144czeniem sufit\u00f3w, jak r\u00f3wnie\u017c inne rodzaje prac s\u0105 wykonywane tylko przez wysoko wykwalifikowanych specjalist\u00f3w. Je\u015bli chodzi o wyko\u0144czenie pod\u0142ogi, to w tej chwili jest ogromny wyb\u00f3r zar\u00f3wno pod\u0142\u00f3g laminowanych, jak i twardych. Specjali\u015bci z Artel Stroy LLC zawsze pomog\u0105 Ci wybra\u0107 najlepsze materia\u0142y w najlepszej cenie. Jeszcze jednym, chyba najbardziej rozbudowanym etapem prac wyko\u0144czeniowych, jest wyko\u0144czenie \u015bcian. Do wyko\u0144czenia \u015bcian stosujemy r\u00f3\u017cne rodzaje tapet, takie jak: tapeta winylowa, papierowa, szklana, reliefowa, tekstylna, korkowa, p\u0142ynna.<\/p>\n<p>Prace remontowe i dekoracyjne wykonywane s\u0105 przez fachowc\u00f3w z du\u017cym do\u015bwiadczeniem. Bardzo popularne obecnie jest stosowanie r\u00f3\u017cnych farb i pow\u0142ok dekoracyjnych, w tym tynku weneckiego i tynku dekoracyjnego. W \u0142azienkach, korytarzach i salonach opr\u00f3cz p\u0142ytek i mozaiki cz\u0119sto stosuje si\u0119 panele dekoracyjne, kamienie i wiele innych. Mo\u017cesz by\u0107 pewien wysokiej jako\u015bci prac remontowych i dekoracyjnych Artel Stroy LLC.<\/p>\n<p>LLC &#8222;Artel-Stroy&#8221; wykonuje prace wyko\u0144czeniowe wn\u0119trz mieszka\u0144, dom\u00f3w wiejskich i domk\u00f3w, biur i lokali u\u017cytkowych. Cen\u0119 za wszelkiego rodzaju prace mog\u0105 Pa\u0144stwo zobaczy\u0107 w dziale ceny na naszej stronie internetowej, a po telefonie do naszego specjalisty przygotujemy szczeg\u00f3\u0142owy kosztorys wraz z propozycjami.<\/p>\n<p>Firma LLC &#8222;Artel-Stroy&#8221; ch\u0119tnie pomo\u017ce Ci zrealizowa\u0107 budow\u0119 i prace wyko\u0144czeniowe, bior\u0105c pod uwag\u0119 wszystkie przepisy budowlane, wymagania i oczywi\u015bcie Twoje \u017cyczenia.<\/p>\n<p>LLC &#8222;Artel-Stroy&#8221; prowadzi r\u00f3wnie\u017c prace budowlane i wyko\u0144czeniowe w regionie Niko\u0142ajewa. Nasi rzemie\u015blnicy uko\u0144czyli ogromn\u0105 liczb\u0119 r\u00f3\u017cnych projekt\u00f3w w Nikolaev i Mykolaiv region, s\u0105 to mieszkania w nowych budynkach, kt\u00f3re s\u0105 bardzo istotne dzisiaj, ze wzgl\u0119du na przyst\u0119pne ceny i dobrze rozwini\u0119t\u0105 infrastruktur\u0119, powierzchnie biurowe i handlowe, obiekty do r\u00f3\u017cnych cel\u00f3w. Je\u015bli potrzebujesz wykona\u0107 prace wyko\u0144czeniowe w rejonie Niko\u0142ajewa, mo\u017cesz \u015bmia\u0142o skontaktowa\u0107 si\u0119 z nasz\u0105 firm\u0105.<br \/>\nPrzet\u0142umaczono za pomoc\u0105 www.DeepL.com\/Translator (wersja darmowa)<\/p>\n<p><\/p>","protected":false},"excerpt":{"rendered":"<p>Dla ka\u017cdego jego mieszkanie lub dom jest miejscem, w kt\u00f3rym chce sp\u0119dza\u0107 czas i czu\u0107 si\u0119 jak najbardziej przytulnie i komfortowo. Prace wyko\u0144czeniowe powinny by\u0107 zatem dostosowane do tych rozwi\u0105za\u0144 konstrukcyjnych, kt\u00f3re b\u0119d\u0105 odpowiada\u0142y indywidualnym gustom. Aby osi\u0105gn\u0105\u0107 po\u017c\u0105dane rezultaty, musisz wzi\u0105\u0107 pod uwag\u0119 wszystko: w\u0142a\u015bciwy wyb\u00f3r materia\u0142\u00f3w, kt\u00f3re s\u0105 u\u017cywane do wyko\u0144czenia pod\u0142\u00f3g, \u015bcian [&hellip;]<\/p>\n","protected":false},"author":1,"featured_media":1115,"parent":819,"menu_order":0,"comment_status":"closed","ping_status":"closed","template":"tpl-uslugi.php","meta":{"_exactmetrics_skip_tracking":false,"_exactmetrics_sitenote_active":false,"_exactmetrics_sitenote_note":"","_exactmetrics_sitenote_category":0,"_monsterinsights_skip_tracking":false,"_monsterinsights_sitenote_active":false,"_monsterinsights_sitenote_note":"","_monsterinsights_sitenote_category":0,"footnotes":""},"class_list":["post-1092","page","type-page","status-publish","has-post-thumbnail","hentry"],"acf":[],"_links":{"self":[{"href":"https:\/\/artel-build.com\/pl\/wp-json\/wp\/v2\/pages\/1092","targetHints":{"allow":["GET"]}}],"collection":[{"href":"https:\/\/artel-build.com\/pl\/wp-json\/wp\/v2\/pages"}],"about":[{"href":"https:\/\/artel-build.com\/pl\/wp-json\/wp\/v2\/types\/page"}],"author":[{"embeddable":true,"href":"https:\/\/artel-build.com\/pl\/wp-json\/wp\/v2\/users\/1"}],"replies":[{"embeddable":true,"href":"https:\/\/artel-build.com\/pl\/wp-json\/wp\/v2\/comments?post=1092"}],"version-history":[{"count":2,"href":"https:\/\/artel-build.com\/pl\/wp-json\/wp\/v2\/pages\/1092\/revisions"}],"predecessor-version":[{"id":4210,"href":"https:\/\/artel-build.com\/pl\/wp-json\/wp\/v2\/pages\/1092\/revisions\/4210"}],"up":[{"embeddable":true,"href":"https:\/\/artel-build.com\/pl\/wp-json\/wp\/v2\/pages\/819"}],"wp:featuredmedia":[{"embeddable":true,"href":"https:\/\/artel-build.com\/pl\/wp-json\/wp\/v2\/media\/1115"}],"wp:attachment":[{"href":"https:\/\/artel-build.com\/pl\/wp-json\/wp\/v2\/media?parent=1092"}],"curies":[{"name":"wp","href":"https:\/\/api.w.org\/{rel}","templated":true}]}}