{"id":1641,"date":"2019-03-11T13:56:25","date_gmt":"2019-03-11T10:56:25","guid":{"rendered":"https:\/\/artel-build.com\/?page_id=1641"},"modified":"2022-12-11T20:15:36","modified_gmt":"2022-12-11T17:15:36","slug":"dizajn-intererov","status":"publish","type":"page","link":"https:\/\/artel-build.com\/pl\/dizajn-intererov\/","title":{"rendered":"Projektowanie wn\u0119trz"},"content":{"rendered":"<p><\/p>\n<p>W naszej firmie mo\u017cesz zam\u00f3wi\u0107 aran\u017cacj\u0119 wn\u0119trz dla swojego domu lub mieszkania, a tak\u017ce dla nieruchomo\u015bci komercyjnych.<\/p>\n<p>&nbsp;<\/p>\n<p>\nWieloletnie do\u015bwiadczenie w budownictwie pozwala nam realizowa\u0107 wszystkie nasze projekty zgodnie z najnowszymi standardami DSTU, SNIP, DBN<\/p>\n<p>\nBudowa (konserwacja) &#8211; Naszym priorytetem jest Pa\u0144stwa komfort na wszystkich etapach wsp\u00f3\u0142pracy. Dlatego podejmujemy si\u0119 ca\u0142ego procesu od projektu i budowy, po projekt i zagospodarowanie terenu.<\/p>\n<p>\nProjektowanie wn\u0119trz &#8211; Kompletny projekt aran\u017cacji &#8211; dok\u0142adne i czytelne rysunki, wizualizacje 3D i specyfikacje, us\u0142ugi w zakresie pe\u0142nej lub cz\u0119\u015bciowej realizacji.<\/p>\n<p><\/p>","protected":false},"excerpt":{"rendered":"<p>W naszej firmie mo\u017cesz zam\u00f3wi\u0107 aran\u017cacj\u0119 wn\u0119trz dla swojego domu lub mieszkania, a tak\u017ce dla nieruchomo\u015bci komercyjnych. &nbsp; Wieloletnie do\u015bwiadczenie w budownictwie pozwala nam realizowa\u0107 wszystkie nasze projekty zgodnie z najnowszymi standardami DSTU, SNIP, DBN Budowa (konserwacja) &#8211; Naszym priorytetem jest Pa\u0144stwa komfort na wszystkich etapach wsp\u00f3\u0142pracy. Dlatego podejmujemy si\u0119 ca\u0142ego procesu od projektu i [&hellip;]<\/p>\n","protected":false},"author":1,"featured_media":1654,"parent":0,"menu_order":0,"comment_status":"closed","ping_status":"closed","template":"tpl-usluga.php","meta":{"_exactmetrics_skip_tracking":false,"_exactmetrics_sitenote_active":false,"_exactmetrics_sitenote_note":"","_exactmetrics_sitenote_category":0,"_monsterinsights_skip_tracking":false,"_monsterinsights_sitenote_active":false,"_monsterinsights_sitenote_note":"","_monsterinsights_sitenote_category":0,"footnotes":""},"class_list":["post-1641","page","type-page","status-publish","has-post-thumbnail","hentry"],"acf":[],"_links":{"self":[{"href":"https:\/\/artel-build.com\/pl\/wp-json\/wp\/v2\/pages\/1641","targetHints":{"allow":["GET"]}}],"collection":[{"href":"https:\/\/artel-build.com\/pl\/wp-json\/wp\/v2\/pages"}],"about":[{"href":"https:\/\/artel-build.com\/pl\/wp-json\/wp\/v2\/types\/page"}],"author":[{"embeddable":true,"href":"https:\/\/artel-build.com\/pl\/wp-json\/wp\/v2\/users\/1"}],"replies":[{"embeddable":true,"href":"https:\/\/artel-build.com\/pl\/wp-json\/wp\/v2\/comments?post=1641"}],"version-history":[{"count":8,"href":"https:\/\/artel-build.com\/pl\/wp-json\/wp\/v2\/pages\/1641\/revisions"}],"predecessor-version":[{"id":4212,"href":"https:\/\/artel-build.com\/pl\/wp-json\/wp\/v2\/pages\/1641\/revisions\/4212"}],"wp:featuredmedia":[{"embeddable":true,"href":"https:\/\/artel-build.com\/pl\/wp-json\/wp\/v2\/media\/1654"}],"wp:attachment":[{"href":"https:\/\/artel-build.com\/pl\/wp-json\/wp\/v2\/media?parent=1641"}],"curies":[{"name":"wp","href":"https:\/\/api.w.org\/{rel}","templated":true}]}}