{"id":3956,"date":"2018-09-25T09:44:10","date_gmt":"2018-09-25T06:44:10","guid":{"rendered":"https:\/\/artel-build.com\/stroitelnye-uslugi\/vnutrennie-raboty-vse-vidy-2\/"},"modified":"2022-12-11T19:45:30","modified_gmt":"2022-12-11T16:45:30","slug":"vnutrennie-raboty-vse-vidy-2","status":"publish","type":"page","link":"https:\/\/artel-build.com\/pl\/stroitelnye-uslugi\/vnutrennie-raboty-vse-vidy-2\/","title":{"rendered":"Roboty glazurnicze"},"content":{"rendered":"<p><\/p>\n<p>Roboty glazurnicze<\/p>\n<p>Firma wykonuje prace glazurnicze w rozs\u0105dnej cenie przy zachowaniu przyzwoitej jako\u015bci. Kafelkowanie jest trudnym zadaniem przy przeprowadzaniu remont\u00f3w. Samodzielne wykonywanie prac komplikuje sytuacj\u0119, co mo\u017ce przyczyni\u0107 si\u0119 do wyd\u0142u\u017cenia prac naprawczych.<\/p>\n<p>&nbsp;<\/p>\n<p>Lista kontrolna stanowisk pracy<\/p>\n<p>Usuni\u0119cie starych p\u0142ytek;<br \/>\nPrzygotowanie powierzchni;<br \/>\nPrzygotowanie zaprawy lub kompozycji klejowej;<br \/>\nUk\u0142adanie nowych p\u0142ytek r\u00f3\u017cnego rodzaju i wielko\u015bci;<br \/>\nSpoinowanie fug.<br \/>\nOpr\u00f3cz podstawowych us\u0142ug wymienionych powy\u017cej, klient mo\u017ce otrzyma\u0107 nast\u0119puj\u0105ce rodzaje prac, w zale\u017cno\u015bci od istniej\u0105cego stanu pomieszczenia:<\/p>\n<p>Uk\u0142adanie p\u0142ytek na \u015bcianach, pod\u0142ogach;<br \/>\nUk\u0142adanie p\u0142ytek nietypowych;<br \/>\nP\u0142ytki porcelanowe;<br \/>\nP\u0142ytki mozaikowe szklane i ceramiczne;<br \/>\nMonta\u017c kraw\u0119dzi p\u0142ytek;<br \/>\nSp\u00f3dnica z p\u0142ytek;<br \/>\nWiercenie otwor\u00f3w w p\u0142ytkach o r\u00f3\u017cnych \u015brednicach.<br \/>\nPrzy \u015bwiadczeniu naszych us\u0142ug stosujemy wy\u0142\u0105cznie nowoczesne materia\u0142y, w \u015bcis\u0142ej zgodno\u015bci z technologi\u0105. Dzi\u0119ki temu wyko\u0144czenie osi\u0105ga wysokie w\u0142a\u015bciwo\u015bci wytrzyma\u0142o\u015bciowe.<\/p>\n<p><\/p>","protected":false},"excerpt":{"rendered":"<p>Roboty glazurnicze Firma wykonuje prace glazurnicze w rozs\u0105dnej cenie przy zachowaniu przyzwoitej jako\u015bci. Kafelkowanie jest trudnym zadaniem przy przeprowadzaniu remont\u00f3w. Samodzielne wykonywanie prac komplikuje sytuacj\u0119, co mo\u017ce przyczyni\u0107 si\u0119 do wyd\u0142u\u017cenia prac naprawczych. &nbsp; Lista kontrolna stanowisk pracy Usuni\u0119cie starych p\u0142ytek; Przygotowanie powierzchni; Przygotowanie zaprawy lub kompozycji klejowej; Uk\u0142adanie nowych p\u0142ytek r\u00f3\u017cnego rodzaju i wielko\u015bci; [&hellip;]<\/p>\n","protected":false},"author":1,"featured_media":933,"parent":819,"menu_order":0,"comment_status":"closed","ping_status":"closed","template":"tpl-usluga.php","meta":{"_exactmetrics_skip_tracking":false,"_exactmetrics_sitenote_active":false,"_exactmetrics_sitenote_note":"","_exactmetrics_sitenote_category":0,"_monsterinsights_skip_tracking":false,"_monsterinsights_sitenote_active":false,"_monsterinsights_sitenote_note":"","_monsterinsights_sitenote_category":0,"footnotes":""},"class_list":["post-3956","page","type-page","status-publish","has-post-thumbnail","hentry"],"acf":[],"_links":{"self":[{"href":"https:\/\/artel-build.com\/pl\/wp-json\/wp\/v2\/pages\/3956","targetHints":{"allow":["GET"]}}],"collection":[{"href":"https:\/\/artel-build.com\/pl\/wp-json\/wp\/v2\/pages"}],"about":[{"href":"https:\/\/artel-build.com\/pl\/wp-json\/wp\/v2\/types\/page"}],"author":[{"embeddable":true,"href":"https:\/\/artel-build.com\/pl\/wp-json\/wp\/v2\/users\/1"}],"replies":[{"embeddable":true,"href":"https:\/\/artel-build.com\/pl\/wp-json\/wp\/v2\/comments?post=3956"}],"version-history":[{"count":4,"href":"https:\/\/artel-build.com\/pl\/wp-json\/wp\/v2\/pages\/3956\/revisions"}],"predecessor-version":[{"id":4203,"href":"https:\/\/artel-build.com\/pl\/wp-json\/wp\/v2\/pages\/3956\/revisions\/4203"}],"up":[{"embeddable":true,"href":"https:\/\/artel-build.com\/pl\/wp-json\/wp\/v2\/pages\/819"}],"wp:featuredmedia":[{"embeddable":true,"href":"https:\/\/artel-build.com\/pl\/wp-json\/wp\/v2\/media\/933"}],"wp:attachment":[{"href":"https:\/\/artel-build.com\/pl\/wp-json\/wp\/v2\/media?parent=3956"}],"curies":[{"name":"wp","href":"https:\/\/api.w.org\/{rel}","templated":true}]}}