{"id":42,"date":"2017-05-25T14:14:44","date_gmt":"2017-05-25T11:14:44","guid":{"rendered":"http:\/\/localhost\/artel\/?page_id=42"},"modified":"2022-12-11T19:36:41","modified_gmt":"2022-12-11T16:36:41","slug":"all-news","status":"publish","type":"page","link":"https:\/\/artel-build.com\/pl\/all-news\/","title":{"rendered":"Wszystkie aktualno\u015bci"},"content":{"rendered":"<p><\/p>\n<p><strong>Dzi\u0119kujemy za zainteresowanie w sp\u00f3\u0142ce \u201eArtel-story\u201d<\/strong><\/p>\n<p>Tutaj mo\u017cna \u015bledzi\u0107 rozw\u00f3j naszej firmy. O wszystkich innowacji, rozwoju i nowych projekt\u00f3w b\u0119dzie mo\u017cna znale\u017a\u0107 w naszych artyku\u0142ach i fotoreporta\u017c. Przeprowadzaj\u0105 swoje marzenia razem z nami!<\/p>\n<p><\/p>","protected":false},"excerpt":{"rendered":"<p>Dzi\u0119kujemy za zainteresowanie w sp\u00f3\u0142ce \u201eArtel-story\u201d Tutaj mo\u017cna \u015bledzi\u0107 rozw\u00f3j naszej firmy. O wszystkich innowacji, rozwoju i nowych projekt\u00f3w b\u0119dzie mo\u017cna znale\u017a\u0107 w naszych artyku\u0142ach i fotoreporta\u017c. Przeprowadzaj\u0105 swoje marzenia razem z nami!<\/p>\n","protected":false},"author":1,"featured_media":151,"parent":0,"menu_order":0,"comment_status":"closed","ping_status":"closed","template":"tpl-news.php","meta":{"_exactmetrics_skip_tracking":false,"_exactmetrics_sitenote_active":false,"_exactmetrics_sitenote_note":"","_exactmetrics_sitenote_category":0,"_monsterinsights_skip_tracking":false,"_monsterinsights_sitenote_active":false,"_monsterinsights_sitenote_note":"","_monsterinsights_sitenote_category":0,"footnotes":""},"class_list":["post-42","page","type-page","status-publish","has-post-thumbnail","hentry"],"acf":[],"_links":{"self":[{"href":"https:\/\/artel-build.com\/pl\/wp-json\/wp\/v2\/pages\/42","targetHints":{"allow":["GET"]}}],"collection":[{"href":"https:\/\/artel-build.com\/pl\/wp-json\/wp\/v2\/pages"}],"about":[{"href":"https:\/\/artel-build.com\/pl\/wp-json\/wp\/v2\/types\/page"}],"author":[{"embeddable":true,"href":"https:\/\/artel-build.com\/pl\/wp-json\/wp\/v2\/users\/1"}],"replies":[{"embeddable":true,"href":"https:\/\/artel-build.com\/pl\/wp-json\/wp\/v2\/comments?post=42"}],"version-history":[{"count":7,"href":"https:\/\/artel-build.com\/pl\/wp-json\/wp\/v2\/pages\/42\/revisions"}],"predecessor-version":[{"id":4193,"href":"https:\/\/artel-build.com\/pl\/wp-json\/wp\/v2\/pages\/42\/revisions\/4193"}],"wp:featuredmedia":[{"embeddable":true,"href":"https:\/\/artel-build.com\/pl\/wp-json\/wp\/v2\/media\/151"}],"wp:attachment":[{"href":"https:\/\/artel-build.com\/pl\/wp-json\/wp\/v2\/media?parent=42"}],"curies":[{"name":"wp","href":"https:\/\/api.w.org\/{rel}","templated":true}]}}