{"id":54,"date":"2017-05-25T16:49:36","date_gmt":"2017-05-25T13:49:36","guid":{"rendered":"http:\/\/localhost\/artel\/?page_id=54"},"modified":"2022-12-11T21:08:24","modified_gmt":"2022-12-11T18:08:24","slug":"o-nashej-kompanii","status":"publish","type":"page","link":"https:\/\/artel-build.com\/pl\/o-nashej-kompanii\/","title":{"rendered":"O naszej firmie"},"content":{"rendered":"<p><\/p>\n<p>\nZdajemy sobie spraw\u0119 z tego, jak skomplikowane mo\u017ce by\u0107 zarz\u0105dzanie projektem i nadz\u00f3r nad nim, dlatego w miar\u0119 mo\u017cliwo\u015bci uchronimy Pa\u0144stwa od wszelkich problem\u00f3w. Od momentu otwarcia w 2001 roku, ARTEL-STROY jest wiod\u0105c\u0105 organizacj\u0105 kontraktow\u0105.<\/p>\n<p>Jeste\u015bmy zespo\u0142em wysoko wykwalifikowanych specjalist\u00f3w, kt\u00f3rzy z powodzeniem realizuj\u0105 zar\u00f3wno skomplikowane projekty, jak i proste zlecenia. D\u0105\u017cymy do doskona\u0142o\u015bci i robimy wszystko, aby nasi klienci byli ca\u0142kowicie zadowoleni z naszej pracy. Skontaktuj si\u0119 z nami w celu uzyskania bezp\u0142atnej konsultacji.<\/p>\n<p>Podejmujemy si\u0119 prac projektowych zar\u00f3wno dla osiedli mieszkaniowych, jak i du\u017cych projekt\u00f3w przemys\u0142owych. \u00a0Nasza firma wykonuje r\u00f3\u017cne prace og\u00f3lnobudowlane takie jak: roboty fundamentowe, wykonywanie i monta\u017c konstrukcji stalowych, roboty spawalnicze, roboty budowlano-instalacyjne, roboty dekarskie, roboty elektryczne, tynkowanie, wszelkiego rodzaju roboty wewn\u0119trzne, monta\u017c p\u0142yt gipsowo-kartonowych, uk\u0142adanie glazury, roboty elewacyjne itp.<\/p>\n<p>Nasza firma wykonuje monta\u017c i serwis wszelkiego rodzaju bram automatycznych, system\u00f3w roletowych, ko\u0142owrot\u00f3w i szlaban\u00f3w, a tak\u017ce okien i drzwi metalowo-plastikowych.<\/p>\n<p><\/p>","protected":false},"excerpt":{"rendered":"<p>Zdajemy sobie spraw\u0119 z tego, jak skomplikowane mo\u017ce by\u0107 zarz\u0105dzanie projektem i nadz\u00f3r nad nim, dlatego w miar\u0119 mo\u017cliwo\u015bci uchronimy Pa\u0144stwa od wszelkich problem\u00f3w. Od momentu otwarcia w 2001 roku, ARTEL-STROY jest wiod\u0105c\u0105 organizacj\u0105 kontraktow\u0105. Jeste\u015bmy zespo\u0142em wysoko wykwalifikowanych specjalist\u00f3w, kt\u00f3rzy z powodzeniem realizuj\u0105 zar\u00f3wno skomplikowane projekty, jak i proste zlecenia. D\u0105\u017cymy do doskona\u0142o\u015bci i [&hellip;]<\/p>\n","protected":false},"author":1,"featured_media":56,"parent":0,"menu_order":0,"comment_status":"closed","ping_status":"closed","template":"tpl-about.php","meta":{"_exactmetrics_skip_tracking":false,"_exactmetrics_sitenote_active":false,"_exactmetrics_sitenote_note":"","_exactmetrics_sitenote_category":0,"_monsterinsights_skip_tracking":false,"_monsterinsights_sitenote_active":false,"_monsterinsights_sitenote_note":"","_monsterinsights_sitenote_category":0,"footnotes":""},"class_list":["post-54","page","type-page","status-publish","has-post-thumbnail","hentry"],"acf":[],"_links":{"self":[{"href":"https:\/\/artel-build.com\/pl\/wp-json\/wp\/v2\/pages\/54","targetHints":{"allow":["GET"]}}],"collection":[{"href":"https:\/\/artel-build.com\/pl\/wp-json\/wp\/v2\/pages"}],"about":[{"href":"https:\/\/artel-build.com\/pl\/wp-json\/wp\/v2\/types\/page"}],"author":[{"embeddable":true,"href":"https:\/\/artel-build.com\/pl\/wp-json\/wp\/v2\/users\/1"}],"replies":[{"embeddable":true,"href":"https:\/\/artel-build.com\/pl\/wp-json\/wp\/v2\/comments?post=54"}],"version-history":[{"count":26,"href":"https:\/\/artel-build.com\/pl\/wp-json\/wp\/v2\/pages\/54\/revisions"}],"predecessor-version":[{"id":4214,"href":"https:\/\/artel-build.com\/pl\/wp-json\/wp\/v2\/pages\/54\/revisions\/4214"}],"wp:featuredmedia":[{"embeddable":true,"href":"https:\/\/artel-build.com\/pl\/wp-json\/wp\/v2\/media\/56"}],"wp:attachment":[{"href":"https:\/\/artel-build.com\/pl\/wp-json\/wp\/v2\/media?parent=54"}],"curies":[{"name":"wp","href":"https:\/\/api.w.org\/{rel}","templated":true}]}}